{"id":17941,"date":"2014-11-15T12:53:32","date_gmt":"2014-11-15T11:53:32","guid":{"rendered":"http:\/\/fly-different.fr\/WordPress3\/?page_id=17941"},"modified":"2021-03-16T16:52:26","modified_gmt":"2021-03-16T15:52:26","slug":"piloter","status":"publish","type":"page","link":"https:\/\/www.fly-different.fr\/WordPress3\/piloter\/","title":{"rendered":"Le Plan"},"content":{"rendered":"<p>Dans cette rubrique, vous allez trouver des explications concernants les diff\u00e9rentes manoeuvres que nous pouvons r\u00e9aliser au cours de stage SIV.<\/p>\n<p style=\"text-align: left;\"><strong>Ceci n&#8217;a pas pour but de remplacer l&#8217;action d&#8217;un moniteur, et l&#8217;encadrement associ\u00e9 secours, bateau, lac, etc &#8230;<\/strong><\/p>\n<p>&nbsp;<\/p>\n<p style=\"text-align: left;\"><img data-recalc-dims=\"1\" loading=\"lazy\" decoding=\"async\" class=\"aligncenter\" src=\"https:\/\/i0.wp.com\/www.fly-different.fr\/WordPress3\/wp-content\/Images\/attention.png?resize=89%2C81&#038;ssl=1\" alt=\"Attention \u00e0 vous!\" width=\"89\" height=\"81\" \/><\/p>\n<p>&nbsp;<\/p>\n<p style=\"text-align: left;\">Je vous donne ici une fa\u00e7on d&#8217;apr\u00e9hender les manoeuvres avec des explications &#8220;courtes&#8221;, et illustre mes propos par des vid\u00e9os r\u00e9alis\u00e9es aucours de mes stages.<\/p>\n<p style=\"text-align: left;\">Merci d&#8217;avance de faire attention \u00e0 vous, et de ne pas essayer de vous former seul via cette rubrique !<\/p>\n<table class=\" aligncenter\" style=\"border-collapse: collapse; align: center; width: 80%;\">\n<tbody>\n<tr>\n<td style=\"width: 80%;\"><img data-recalc-dims=\"1\" decoding=\"async\" src=\"https:\/\/i0.wp.com\/www.fly-different.fr\/WordPress3\/wp-content\/Images\/evolution-progression.jpg?w=525&#038;ssl=1\" alt=\"\"  \/><\/td>\n<\/tr>\n<\/tbody>\n<\/table>\n<p>T\u00e9l\u00e9chargez le plan de la progression en parapente, du d\u00e9butant \u00e0 l&#8217;expert, pour organiser au mieux votre apprentissage.<\/p>\n<div class=\"wpfilebase-file-default\" onclick=\"if('undefined' == typeof event.target.href) document.getElementById('wpfb-file-link-1').click();\">\r\n  <div class=\"icon\"><a href=\"https:\/\/www.fly-different.fr\/WordPress3\/?wpfb_dl=17257\" target=\"_blank\" title=\"Download Evolution Progression\"><img data-recalc-dims=\"1\" decoding=\"async\" align=\"middle\" src=\"https:\/\/i0.wp.com\/www.fly-different.fr\/WordPress3\/wp-includes\/images\/crystal\/default.png?w=525&#038;ssl=1\" alt=\"Evolution Progression\" \/><\/a><\/div>\r\n  <div class=\"filetitle\">\r\n    <a href=\"https:\/\/www.fly-different.fr\/WordPress3\/?wpfb_dl=17257\" title=\"Download Evolution Progression\" target=\"_blank\" id=\"wpfb-file-link-1\">Evolution Progression<\/a>\r\n    \r\n    <br \/>\r\n    Evolution progression.jpg<br \/>\r\n    \r\n  <\/div>\r\n  <div class=\"info\">\r\n    6.3 MiB<br \/>\r\n    1989 Downloads<br \/>\r\n    <a href=\"#\" onclick=\"return wpfilebase_filedetails(1);\">D\u00e9tails<\/a>\r\n  <\/div>\r\n  <div class=\"details\" id=\"wpfilebase-filedetails1\" style=\"display: none;\">\r\n  \r\n  <table border=\"0\">\r\n   \r\n   \r\n   \r\n   \r\n   \r\n   \r\n   <tr><td><strong>Date:<\/strong><\/td><td>26 janvier 2015<\/td><\/tr>\r\n  <\/table>\r\n  <\/div>\r\n <div style=\"clear: both;\"><\/div>\r\n<\/div>\n","protected":false},"excerpt":{"rendered":"<p>Dans cette rubrique, vous allez trouver des explications concernants les diff\u00e9rentes manoeuvres que nous pouvons r\u00e9aliser au cours de stage SIV. Ceci n&#8217;a pas pour but de remplacer l&#8217;action d&#8217;un moniteur, et l&#8217;encadrement associ\u00e9 secours, bateau, lac, etc &#8230; &nbsp; &nbsp; Je vous donne ici une fa\u00e7on d&#8217;apr\u00e9hender les manoeuvres avec des explications &#8220;courtes&#8221;, et &hellip; <\/p>\n<p class=\"link-more\"><a href=\"https:\/\/www.fly-different.fr\/WordPress3\/piloter\/\" class=\"more-link\">Continuer la lecture<span class=\"screen-reader-text\"> de &laquo;&nbsp;Le Plan&nbsp;&raquo;<\/span><\/a><\/p>\n","protected":false},"author":1,"featured_media":0,"parent":0,"menu_order":0,"comment_status":"closed","ping_status":"open","template":"","meta":{"jetpack_post_was_ever_published":false,"_glsr_average":0,"_glsr_ranking":0,"_glsr_reviews":0,"footnotes":""},"class_list":["post-17941","page","type-page","status-publish","hentry"],"yoast_head":"<!-- This site is optimized with the Yoast SEO plugin v26.8 - https:\/\/yoast.com\/product\/yoast-seo-wordpress\/ -->\n<title>Le Plan - Fly Different<\/title>\n<meta name=\"robots\" content=\"index, follow, max-snippet:-1, max-image-preview:large, max-video-preview:-1\" \/>\n<link rel=\"canonical\" href=\"https:\/\/www.fly-different.fr\/WordPress3\/piloter\/\" \/>\n<meta property=\"og:locale\" content=\"fr_FR\" \/>\n<meta property=\"og:type\" content=\"article\" \/>\n<meta property=\"og:title\" content=\"Le Plan - Fly Different\" \/>\n<meta property=\"og:description\" content=\"Dans cette rubrique, vous allez trouver des explications concernants les diff\u00e9rentes manoeuvres que nous pouvons r\u00e9aliser au cours de stage SIV. Ceci n&#8217;a pas pour but de remplacer l&#8217;action d&#8217;un moniteur, et l&#8217;encadrement associ\u00e9 secours, bateau, lac, etc &#8230; &nbsp; &nbsp; Je vous donne ici une fa\u00e7on d&#8217;apr\u00e9hender les manoeuvres avec des explications &#8220;courtes&#8221;, et &hellip; Continuer la lecture de &laquo;&nbsp;Le Plan&nbsp;&raquo;\" \/>\n<meta property=\"og:url\" content=\"https:\/\/www.fly-different.fr\/WordPress3\/piloter\/\" \/>\n<meta property=\"og:site_name\" content=\"Fly Different\" \/>\n<meta property=\"article:modified_time\" content=\"2021-03-16T15:52:26+00:00\" \/>\n<meta property=\"og:image\" content=\"http:\/\/www.fly-different.fr\/WordPress3\/wp-content\/Images\/attention.png\" \/>\n<meta name=\"twitter:card\" content=\"summary_large_image\" \/>\n<meta name=\"twitter:label1\" content=\"Dur\u00e9e de lecture estim\u00e9e\" \/>\n\t<meta name=\"twitter:data1\" content=\"1 minute\" \/>\n<script type=\"application\/ld+json\" class=\"yoast-schema-graph\">{\"@context\":\"https:\/\/schema.org\",\"@graph\":[{\"@type\":\"WebPage\",\"@id\":\"https:\/\/www.fly-different.fr\/WordPress3\/piloter\/\",\"url\":\"https:\/\/www.fly-different.fr\/WordPress3\/piloter\/\",\"name\":\"Le Plan - Fly Different\",\"isPartOf\":{\"@id\":\"https:\/\/www.fly-different.fr\/WordPress3\/#website\"},\"primaryImageOfPage\":{\"@id\":\"https:\/\/www.fly-different.fr\/WordPress3\/piloter\/#primaryimage\"},\"image\":{\"@id\":\"https:\/\/www.fly-different.fr\/WordPress3\/piloter\/#primaryimage\"},\"thumbnailUrl\":\"http:\/\/www.fly-different.fr\/WordPress3\/wp-content\/Images\/attention.png\",\"datePublished\":\"2014-11-15T11:53:32+00:00\",\"dateModified\":\"2021-03-16T15:52:26+00:00\",\"breadcrumb\":{\"@id\":\"https:\/\/www.fly-different.fr\/WordPress3\/piloter\/#breadcrumb\"},\"inLanguage\":\"fr-FR\",\"potentialAction\":[{\"@type\":\"ReadAction\",\"target\":[\"https:\/\/www.fly-different.fr\/WordPress3\/piloter\/\"]}]},{\"@type\":\"ImageObject\",\"inLanguage\":\"fr-FR\",\"@id\":\"https:\/\/www.fly-different.fr\/WordPress3\/piloter\/#primaryimage\",\"url\":\"http:\/\/www.fly-different.fr\/WordPress3\/wp-content\/Images\/attention.png\",\"contentUrl\":\"http:\/\/www.fly-different.fr\/WordPress3\/wp-content\/Images\/attention.png\"},{\"@type\":\"BreadcrumbList\",\"@id\":\"https:\/\/www.fly-different.fr\/WordPress3\/piloter\/#breadcrumb\",\"itemListElement\":[{\"@type\":\"ListItem\",\"position\":1,\"name\":\"Accueil\",\"item\":\"https:\/\/www.fly-different.fr\/WordPress3\/\"},{\"@type\":\"ListItem\",\"position\":2,\"name\":\"Le Plan\"}]},{\"@type\":\"WebSite\",\"@id\":\"https:\/\/www.fly-different.fr\/WordPress3\/#website\",\"url\":\"https:\/\/www.fly-different.fr\/WordPress3\/\",\"name\":\"Fly Different\",\"description\":\"Faites d\u00e9coller vos envies ...\",\"potentialAction\":[{\"@type\":\"SearchAction\",\"target\":{\"@type\":\"EntryPoint\",\"urlTemplate\":\"https:\/\/www.fly-different.fr\/WordPress3\/?s={search_term_string}\"},\"query-input\":{\"@type\":\"PropertyValueSpecification\",\"valueRequired\":true,\"valueName\":\"search_term_string\"}}],\"inLanguage\":\"fr-FR\"}]}<\/script>\n<!-- \/ Yoast SEO plugin. -->","yoast_head_json":{"title":"Le Plan - Fly Different","robots":{"index":"index","follow":"follow","max-snippet":"max-snippet:-1","max-image-preview":"max-image-preview:large","max-video-preview":"max-video-preview:-1"},"canonical":"https:\/\/www.fly-different.fr\/WordPress3\/piloter\/","og_locale":"fr_FR","og_type":"article","og_title":"Le Plan - Fly Different","og_description":"Dans cette rubrique, vous allez trouver des explications concernants les diff\u00e9rentes manoeuvres que nous pouvons r\u00e9aliser au cours de stage SIV. Ceci n&#8217;a pas pour but de remplacer l&#8217;action d&#8217;un moniteur, et l&#8217;encadrement associ\u00e9 secours, bateau, lac, etc &#8230; &nbsp; &nbsp; Je vous donne ici une fa\u00e7on d&#8217;apr\u00e9hender les manoeuvres avec des explications &#8220;courtes&#8221;, et &hellip; Continuer la lecture de &laquo;&nbsp;Le Plan&nbsp;&raquo;","og_url":"https:\/\/www.fly-different.fr\/WordPress3\/piloter\/","og_site_name":"Fly Different","article_modified_time":"2021-03-16T15:52:26+00:00","og_image":[{"url":"http:\/\/www.fly-different.fr\/WordPress3\/wp-content\/Images\/attention.png","type":"","width":"","height":""}],"twitter_card":"summary_large_image","twitter_misc":{"Dur\u00e9e de lecture estim\u00e9e":"1 minute"},"schema":{"@context":"https:\/\/schema.org","@graph":[{"@type":"WebPage","@id":"https:\/\/www.fly-different.fr\/WordPress3\/piloter\/","url":"https:\/\/www.fly-different.fr\/WordPress3\/piloter\/","name":"Le Plan - Fly Different","isPartOf":{"@id":"https:\/\/www.fly-different.fr\/WordPress3\/#website"},"primaryImageOfPage":{"@id":"https:\/\/www.fly-different.fr\/WordPress3\/piloter\/#primaryimage"},"image":{"@id":"https:\/\/www.fly-different.fr\/WordPress3\/piloter\/#primaryimage"},"thumbnailUrl":"http:\/\/www.fly-different.fr\/WordPress3\/wp-content\/Images\/attention.png","datePublished":"2014-11-15T11:53:32+00:00","dateModified":"2021-03-16T15:52:26+00:00","breadcrumb":{"@id":"https:\/\/www.fly-different.fr\/WordPress3\/piloter\/#breadcrumb"},"inLanguage":"fr-FR","potentialAction":[{"@type":"ReadAction","target":["https:\/\/www.fly-different.fr\/WordPress3\/piloter\/"]}]},{"@type":"ImageObject","inLanguage":"fr-FR","@id":"https:\/\/www.fly-different.fr\/WordPress3\/piloter\/#primaryimage","url":"http:\/\/www.fly-different.fr\/WordPress3\/wp-content\/Images\/attention.png","contentUrl":"http:\/\/www.fly-different.fr\/WordPress3\/wp-content\/Images\/attention.png"},{"@type":"BreadcrumbList","@id":"https:\/\/www.fly-different.fr\/WordPress3\/piloter\/#breadcrumb","itemListElement":[{"@type":"ListItem","position":1,"name":"Accueil","item":"https:\/\/www.fly-different.fr\/WordPress3\/"},{"@type":"ListItem","position":2,"name":"Le Plan"}]},{"@type":"WebSite","@id":"https:\/\/www.fly-different.fr\/WordPress3\/#website","url":"https:\/\/www.fly-different.fr\/WordPress3\/","name":"Fly Different","description":"Faites d\u00e9coller vos envies ...","potentialAction":[{"@type":"SearchAction","target":{"@type":"EntryPoint","urlTemplate":"https:\/\/www.fly-different.fr\/WordPress3\/?s={search_term_string}"},"query-input":{"@type":"PropertyValueSpecification","valueRequired":true,"valueName":"search_term_string"}}],"inLanguage":"fr-FR"}]}},"jetpack_shortlink":"https:\/\/wp.me\/P4FzCy-4Fn","jetpack_sharing_enabled":false,"_links":{"self":[{"href":"https:\/\/www.fly-different.fr\/WordPress3\/wp-json\/wp\/v2\/pages\/17941","targetHints":{"allow":["GET"]}}],"collection":[{"href":"https:\/\/www.fly-different.fr\/WordPress3\/wp-json\/wp\/v2\/pages"}],"about":[{"href":"https:\/\/www.fly-different.fr\/WordPress3\/wp-json\/wp\/v2\/types\/page"}],"author":[{"embeddable":true,"href":"https:\/\/www.fly-different.fr\/WordPress3\/wp-json\/wp\/v2\/users\/1"}],"replies":[{"embeddable":true,"href":"https:\/\/www.fly-different.fr\/WordPress3\/wp-json\/wp\/v2\/comments?post=17941"}],"version-history":[{"count":0,"href":"https:\/\/www.fly-different.fr\/WordPress3\/wp-json\/wp\/v2\/pages\/17941\/revisions"}],"wp:attachment":[{"href":"https:\/\/www.fly-different.fr\/WordPress3\/wp-json\/wp\/v2\/media?parent=17941"}],"curies":[{"name":"wp","href":"https:\/\/api.w.org\/{rel}","templated":true}]}}