{"id":2955,"date":"2014-11-03T09:41:05","date_gmt":"2014-11-03T08:41:05","guid":{"rendered":"http:\/\/fly-different.fr\/WordPress3\/?page_id=2955"},"modified":"2023-04-22T12:33:44","modified_gmt":"2023-04-22T10:33:44","slug":"esprit","status":"publish","type":"page","link":"https:\/\/www.fly-different.fr\/WordPress3\/","title":{"rendered":"Esprit"},"content":{"rendered":"<div class=\"mobileHide\">\n<table style=\"border-collapse: collapse; width: 100%;\">\n<tbody>\n<tr>\n<td style=\"width: 50%;\">\n<h5>Qui est derri\u00e8re \u00e7a ?<\/h5>\n<p>Maxime Chiron<br \/>\nMoniteur dipl\u00f4m\u00e9 d&#8217;Etat (BPJEPS &#038; DEJEPS) depuis 2011, je me suis sp\u00e9cialis\u00e9 en stage pilotage chez <a style=\"text-decoration: none;\" title=\"Espace 3D\" href=\"http:\/\/www.espace3d.fr\" target=\"_blank\" rel=\"noopener\"><span style=\"color: #000000;\">Espace 3D<\/span><\/a> ou j&#8217;enseigne de Mars \u00e0 Octobre.<br \/>\nAnciennement Pilote de test et concepteur chez <a style=\"text-decoration: none;\" title=\"Dudek France\" href=\"http:\/\/www.dudek.fr\" target=\"_blank\" rel=\"noopener\"><span style=\"color: #000000;\">Dudek<\/span><\/a>, je participe \u00e9galement aux formations de moniteurs au sein de l&#8217;<a href=\"https:\/\/www.ensa.sports.gouv.fr\/\" rel=\"noopener\" target=\"_blank\">ENSA<\/a>.<br \/>\n&nbsp;<\/p>\n<h5>Et pour tes stages ?<\/h5>\n<p>J&#8217;enseigne d&#8217;Avril \u00e0 Octobre sur les berges du lac d&#8217;Annecy avec <a href=\"http:\/\/www.espace3d.fr\/parapente\/stage-parapente-pilotage\/\" target=\"_blank\" rel=\"noopener\">Espace 3d.<\/a><br \/>\nSi tu es d\u00e9j\u00e0 autonome tu peux venir me rejoindre pour quelques jours en SIV.<br \/>\nSi tu ne l&#8217;es pas encore, <a href=\"http:\/\/www.espace3d.fr\/stage-parapente-annecy\/\" target=\"_blank\" rel=\"noopener\">Espace 3d<\/a> propose des stage tous niveaux qui te permettront de progresser.<br \/>\nDe nombreux cours et documents sont \u00e0 ta disposition pour pr\u00e9parer au mieux ton futur stage.<br \/>\n&nbsp;<\/p>\n<h5>J&#8217;ai envie de voler, comment faire?<\/h5>\n<p>Si l&#8217;envie d&#8217;embarquer avec moi pour un vol sur les montagnes autour du lac d&#8217;Annecy vous tente, rien de plus facile, appelez-moi et nous conviendrons d&#8217;un rendez-vous.\n<\/td>\n<td style=\"width: 38%;\"><img data-recalc-dims=\"1\" decoding=\"async\" src=\"https:\/\/i0.wp.com\/www.fly-different.fr\/WordPress3\/wp-content\/themes\/twentyseventeen\/assets\/images\/max-esprit.jpg?w=525&#038;ssl=1\" alt=\"Perte de contr\u00f4le au dessus du Lanfonnet\" \/><\/td>\n<\/tr>\n<\/tbody>\n<\/table>\n<\/div>\n<div class=\"mobileShow\">\n<table style=\"border-collapse: collapse; width: 100%;\">\n<tbody>\n<tr>\n<td style=\"width: 100%; align: top; max-height: 150px;\">\n<h5>Qui est derri\u00e8re \u00e7a ?<\/h5>\n<p>Maxime Chiron<br \/>\nMoniteur dipl\u00f4m\u00e9 d&#8217;Etat (BPJEPS &#038; DEJEPS) depuis 2011, je me suis sp\u00e9cialis\u00e9 en stage pilotage chez <a style=\"text-decoration: none;\" title=\"Espace 3D\" href=\"http:\/\/www.espace3d.fr\" target=\"_blank\" rel=\"noopener\"><span style=\"color: #000000;\">Espace 3D<\/span><\/a> ou j&#8217;enseigne de Mars \u00e0 Octobre.<br \/>\nAnciennement Pilote de test et concepteur chez <a style=\"text-decoration: none;\" title=\"Dudek France\" href=\"http:\/\/www.dudek.fr\" target=\"_blank\" rel=\"noopener\"><span style=\"color: #000000;\">Dudek<\/span><\/a>, je participe \u00e9galement aux formations de moniteurs au sein de l&#8217;<a href=\"https:\/\/www.ensa.sports.gouv.fr\/\" rel=\"noopener\" target=\"_blank\">ENSA<\/a>.<br \/>\n&nbsp;<\/p>\n<h5>Et pour tes stages ?<\/h5>\n<p>J&#8217;enseigne d&#8217;Avril \u00e0 Octobre sur les berges du lac d&#8217;Annecy avec <a href=\"http:\/\/www.espace3d.fr\/parapente\/stage-parapente-pilotage\/\" target=\"_blank\" rel=\"noopener\">Espace 3d.<\/a><br \/>\nSi tu es d\u00e9j\u00e0 autonome tu peux venir me rejoindre pour quelques jours en SIV.<br \/>\nSi tu ne l&#8217;es pas encore, <a href=\"http:\/\/www.espace3d.fr\/stage-parapente-annecy\/\" target=\"_blank\" rel=\"noopener\">Espace 3d<\/a> propose des stage tous niveaux qui te permettront de progresser.<br \/>\nDe nombreux cours et documents sont \u00e0 ta disposition pour pr\u00e9parer au mieux ton futur stage.<br \/>\n&nbsp;<\/p>\n<h5>J&#8217;ai envie de voler, comment faire?<\/h5>\n<p>Si l&#8217;envie d&#8217;embarquer avec moi pour un vol sur les montagnes autour du lac d&#8217;Annecy vous tente, rien de plus facile, appelez-moi et nous conviendrons d&#8217;un rendez-vous.<\/td>\n<\/tr>\n<\/tbody>\n<\/table>\n<\/div>\n","protected":false},"excerpt":{"rendered":"<p>Qui est derri\u00e8re \u00e7a ? Maxime Chiron Moniteur dipl\u00f4m\u00e9 d&#8217;Etat (BPJEPS &#038; DEJEPS) depuis 2011, je me suis sp\u00e9cialis\u00e9 en stage pilotage chez Espace 3D ou j&#8217;enseigne de Mars \u00e0 Octobre. Anciennement Pilote de test et concepteur chez Dudek, je participe \u00e9galement aux formations de moniteurs au sein de l&#8217;ENSA. &nbsp; Et pour tes stages &hellip; <\/p>\n<p class=\"link-more\"><a href=\"https:\/\/www.fly-different.fr\/WordPress3\/\" class=\"more-link\">Continuer la lecture<span class=\"screen-reader-text\"> de &laquo;&nbsp;Esprit&nbsp;&raquo;<\/span><\/a><\/p>\n","protected":false},"author":1,"featured_media":0,"parent":0,"menu_order":0,"comment_status":"open","ping_status":"open","template":"","meta":{"jetpack_post_was_ever_published":false,"_glsr_average":0,"_glsr_ranking":0,"_glsr_reviews":0,"footnotes":""},"class_list":["post-2955","page","type-page","status-publish","hentry"],"yoast_head":"<!-- This site is optimized with the Yoast SEO plugin v26.8 - https:\/\/yoast.com\/product\/yoast-seo-wordpress\/ -->\n<title>Esprit - Fly Different<\/title>\n<meta name=\"robots\" content=\"index, follow, max-snippet:-1, max-image-preview:large, max-video-preview:-1\" \/>\n<link rel=\"canonical\" href=\"https:\/\/www.fly-different.fr\/WordPress3\/\" \/>\n<meta property=\"og:locale\" content=\"fr_FR\" \/>\n<meta property=\"og:type\" content=\"article\" \/>\n<meta property=\"og:title\" content=\"Esprit - Fly Different\" \/>\n<meta property=\"og:description\" content=\"Qui est derri\u00e8re \u00e7a ? Maxime Chiron Moniteur dipl\u00f4m\u00e9 d&#8217;Etat (BPJEPS &#038; DEJEPS) depuis 2011, je me suis sp\u00e9cialis\u00e9 en stage pilotage chez Espace 3D ou j&#8217;enseigne de Mars \u00e0 Octobre. Anciennement Pilote de test et concepteur chez Dudek, je participe \u00e9galement aux formations de moniteurs au sein de l&#8217;ENSA. &nbsp; Et pour tes stages &hellip; Continuer la lecture de &laquo;&nbsp;Esprit&nbsp;&raquo;\" \/>\n<meta property=\"og:url\" content=\"https:\/\/www.fly-different.fr\/WordPress3\/\" \/>\n<meta property=\"og:site_name\" content=\"Fly Different\" \/>\n<meta property=\"article:modified_time\" content=\"2023-04-22T10:33:44+00:00\" \/>\n<meta property=\"og:image\" content=\"http:\/\/www.fly-different.fr\/WordPress3\/wp-content\/themes\/twentyseventeen\/assets\/images\/max-esprit.jpg\" \/>\n<meta name=\"twitter:card\" content=\"summary_large_image\" \/>\n<meta name=\"twitter:label1\" content=\"Dur\u00e9e de lecture estim\u00e9e\" \/>\n\t<meta name=\"twitter:data1\" content=\"2 minutes\" \/>\n<script type=\"application\/ld+json\" class=\"yoast-schema-graph\">{\"@context\":\"https:\/\/schema.org\",\"@graph\":[{\"@type\":\"WebPage\",\"@id\":\"https:\/\/www.fly-different.fr\/WordPress3\/\",\"url\":\"https:\/\/www.fly-different.fr\/WordPress3\/\",\"name\":\"Esprit - Fly Different\",\"isPartOf\":{\"@id\":\"https:\/\/www.fly-different.fr\/WordPress3\/#website\"},\"primaryImageOfPage\":{\"@id\":\"https:\/\/www.fly-different.fr\/WordPress3\/#primaryimage\"},\"image\":{\"@id\":\"https:\/\/www.fly-different.fr\/WordPress3\/#primaryimage\"},\"thumbnailUrl\":\"http:\/\/www.fly-different.fr\/WordPress3\/wp-content\/themes\/twentyseventeen\/assets\/images\/max-esprit.jpg\",\"datePublished\":\"2014-11-03T08:41:05+00:00\",\"dateModified\":\"2023-04-22T10:33:44+00:00\",\"breadcrumb\":{\"@id\":\"https:\/\/www.fly-different.fr\/WordPress3\/#breadcrumb\"},\"inLanguage\":\"fr-FR\",\"potentialAction\":[{\"@type\":\"ReadAction\",\"target\":[\"https:\/\/www.fly-different.fr\/WordPress3\/\"]}]},{\"@type\":\"ImageObject\",\"inLanguage\":\"fr-FR\",\"@id\":\"https:\/\/www.fly-different.fr\/WordPress3\/#primaryimage\",\"url\":\"http:\/\/www.fly-different.fr\/WordPress3\/wp-content\/themes\/twentyseventeen\/assets\/images\/max-esprit.jpg\",\"contentUrl\":\"http:\/\/www.fly-different.fr\/WordPress3\/wp-content\/themes\/twentyseventeen\/assets\/images\/max-esprit.jpg\"},{\"@type\":\"BreadcrumbList\",\"@id\":\"https:\/\/www.fly-different.fr\/WordPress3\/#breadcrumb\",\"itemListElement\":[{\"@type\":\"ListItem\",\"position\":1,\"name\":\"Accueil\",\"item\":\"https:\/\/www.fly-different.fr\/WordPress3\/\"},{\"@type\":\"ListItem\",\"position\":2,\"name\":\"Esprit\"}]},{\"@type\":\"WebSite\",\"@id\":\"https:\/\/www.fly-different.fr\/WordPress3\/#website\",\"url\":\"https:\/\/www.fly-different.fr\/WordPress3\/\",\"name\":\"Fly Different\",\"description\":\"Faites d\u00e9coller vos envies ...\",\"potentialAction\":[{\"@type\":\"SearchAction\",\"target\":{\"@type\":\"EntryPoint\",\"urlTemplate\":\"https:\/\/www.fly-different.fr\/WordPress3\/?s={search_term_string}\"},\"query-input\":{\"@type\":\"PropertyValueSpecification\",\"valueRequired\":true,\"valueName\":\"search_term_string\"}}],\"inLanguage\":\"fr-FR\"}]}<\/script>\n<!-- \/ Yoast SEO plugin. -->","yoast_head_json":{"title":"Esprit - Fly Different","robots":{"index":"index","follow":"follow","max-snippet":"max-snippet:-1","max-image-preview":"max-image-preview:large","max-video-preview":"max-video-preview:-1"},"canonical":"https:\/\/www.fly-different.fr\/WordPress3\/","og_locale":"fr_FR","og_type":"article","og_title":"Esprit - Fly Different","og_description":"Qui est derri\u00e8re \u00e7a ? Maxime Chiron Moniteur dipl\u00f4m\u00e9 d&#8217;Etat (BPJEPS &#038; DEJEPS) depuis 2011, je me suis sp\u00e9cialis\u00e9 en stage pilotage chez Espace 3D ou j&#8217;enseigne de Mars \u00e0 Octobre. Anciennement Pilote de test et concepteur chez Dudek, je participe \u00e9galement aux formations de moniteurs au sein de l&#8217;ENSA. &nbsp; Et pour tes stages &hellip; Continuer la lecture de &laquo;&nbsp;Esprit&nbsp;&raquo;","og_url":"https:\/\/www.fly-different.fr\/WordPress3\/","og_site_name":"Fly Different","article_modified_time":"2023-04-22T10:33:44+00:00","og_image":[{"url":"http:\/\/www.fly-different.fr\/WordPress3\/wp-content\/themes\/twentyseventeen\/assets\/images\/max-esprit.jpg","type":"","width":"","height":""}],"twitter_card":"summary_large_image","twitter_misc":{"Dur\u00e9e de lecture estim\u00e9e":"2 minutes"},"schema":{"@context":"https:\/\/schema.org","@graph":[{"@type":"WebPage","@id":"https:\/\/www.fly-different.fr\/WordPress3\/","url":"https:\/\/www.fly-different.fr\/WordPress3\/","name":"Esprit - Fly Different","isPartOf":{"@id":"https:\/\/www.fly-different.fr\/WordPress3\/#website"},"primaryImageOfPage":{"@id":"https:\/\/www.fly-different.fr\/WordPress3\/#primaryimage"},"image":{"@id":"https:\/\/www.fly-different.fr\/WordPress3\/#primaryimage"},"thumbnailUrl":"http:\/\/www.fly-different.fr\/WordPress3\/wp-content\/themes\/twentyseventeen\/assets\/images\/max-esprit.jpg","datePublished":"2014-11-03T08:41:05+00:00","dateModified":"2023-04-22T10:33:44+00:00","breadcrumb":{"@id":"https:\/\/www.fly-different.fr\/WordPress3\/#breadcrumb"},"inLanguage":"fr-FR","potentialAction":[{"@type":"ReadAction","target":["https:\/\/www.fly-different.fr\/WordPress3\/"]}]},{"@type":"ImageObject","inLanguage":"fr-FR","@id":"https:\/\/www.fly-different.fr\/WordPress3\/#primaryimage","url":"http:\/\/www.fly-different.fr\/WordPress3\/wp-content\/themes\/twentyseventeen\/assets\/images\/max-esprit.jpg","contentUrl":"http:\/\/www.fly-different.fr\/WordPress3\/wp-content\/themes\/twentyseventeen\/assets\/images\/max-esprit.jpg"},{"@type":"BreadcrumbList","@id":"https:\/\/www.fly-different.fr\/WordPress3\/#breadcrumb","itemListElement":[{"@type":"ListItem","position":1,"name":"Accueil","item":"https:\/\/www.fly-different.fr\/WordPress3\/"},{"@type":"ListItem","position":2,"name":"Esprit"}]},{"@type":"WebSite","@id":"https:\/\/www.fly-different.fr\/WordPress3\/#website","url":"https:\/\/www.fly-different.fr\/WordPress3\/","name":"Fly Different","description":"Faites d\u00e9coller vos envies ...","potentialAction":[{"@type":"SearchAction","target":{"@type":"EntryPoint","urlTemplate":"https:\/\/www.fly-different.fr\/WordPress3\/?s={search_term_string}"},"query-input":{"@type":"PropertyValueSpecification","valueRequired":true,"valueName":"search_term_string"}}],"inLanguage":"fr-FR"}]}},"jetpack_shortlink":"https:\/\/wp.me\/P4FzCy-LF","jetpack_sharing_enabled":false,"_links":{"self":[{"href":"https:\/\/www.fly-different.fr\/WordPress3\/wp-json\/wp\/v2\/pages\/2955","targetHints":{"allow":["GET"]}}],"collection":[{"href":"https:\/\/www.fly-different.fr\/WordPress3\/wp-json\/wp\/v2\/pages"}],"about":[{"href":"https:\/\/www.fly-different.fr\/WordPress3\/wp-json\/wp\/v2\/types\/page"}],"author":[{"embeddable":true,"href":"https:\/\/www.fly-different.fr\/WordPress3\/wp-json\/wp\/v2\/users\/1"}],"replies":[{"embeddable":true,"href":"https:\/\/www.fly-different.fr\/WordPress3\/wp-json\/wp\/v2\/comments?post=2955"}],"version-history":[{"count":0,"href":"https:\/\/www.fly-different.fr\/WordPress3\/wp-json\/wp\/v2\/pages\/2955\/revisions"}],"wp:attachment":[{"href":"https:\/\/www.fly-different.fr\/WordPress3\/wp-json\/wp\/v2\/media?parent=2955"}],"curies":[{"name":"wp","href":"https:\/\/api.w.org\/{rel}","templated":true}]}}