{"id":52,"date":"2014-05-27T07:56:56","date_gmt":"2014-05-27T05:56:56","guid":{"rendered":"http:\/\/fly-different.fr\/WordPress3\/?page_id=52"},"modified":"2022-01-18T09:51:15","modified_gmt":"2022-01-18T08:51:15","slug":"contact","status":"publish","type":"page","link":"https:\/\/www.fly-different.fr\/WordPress3\/contact\/","title":{"rendered":"Contact"},"content":{"rendered":"<div class=\"vce-row-container\" data-vce-boxed-width=\"true\"><div class=\"vce-row vce-row--col-gap-30 vce-row-equal-height vce-row-content--top\" id=\"el-7d794718\" data-vce-do-apply=\"all el-7d794718\"><div class=\"vce-row-content\" data-vce-element-content=\"true\"><div class=\"vce-col vce-col--md-auto vce-col--xs-1 vce-col--xs-last vce-col--xs-first vce-col--sm-last vce-col--sm-first vce-col--md-first vce-col--lg-first vce-col--xl-first\" id=\"el-a37ddd94\"><div class=\"vce-col-inner\" data-vce-do-apply=\"border margin background  el-a37ddd94\"><div class=\"vce-col-content\" data-vce-element-content=\"true\" data-vce-do-apply=\"padding el-a37ddd94\"><div class=\"vce-text-block\"><div class=\"vce-text-block-wrapper vce\" id=\"el-a1d03f47\" data-vce-do-apply=\"all el-a1d03f47\"><img data-recalc-dims=\"1\" decoding=\"async\" class=\"alignnone aligncenter\" src=\"https:\/\/i0.wp.com\/www.fly-different.fr\/WordPress3\/wp-content\/themes\/twentyseventeen\/assets\/images\/max-profil.jpg?w=525&#038;ssl=1\" alt=\"Maxime Chiron\" style=\"max-width: 300px;\"><br><br><p style=\"text-align: center;\">Maxime Chiron<\/p><br><p style=\"text-align: center;\">Moniteur dipl\u00f4m\u00e9 BPJEPS &amp; DEJEPS<\/p><br><p style=\"text-align: center;\">SIRET : 539 514 182 0010<\/p><br><p style=\"text-align: center;\">Tel : 06.71.91.95.13<\/p><\/div><\/div><\/div><\/div><\/div><div class=\"vce-col vce-col--md-auto vce-col--xs-1 vce-col--xs-last vce-col--xs-first vce-col--sm-last vce-col--sm-first vce-col--md-last vce-col--lg-last vce-col--xl-last\" id=\"el-b5823d27\"><div class=\"vce-col-inner\" data-vce-do-apply=\"border margin background  el-b5823d27\"><div class=\"vce-col-content\" data-vce-element-content=\"true\" data-vce-do-apply=\"padding el-b5823d27\"><div class=\"vce-text-block\"><div class=\"vce-text-block-wrapper vce\" id=\"el-bbc3ba37\" data-vce-do-apply=\"all el-bbc3ba37\"><p>Pour toute demande de r\u00e9servation de stage SIV, consultez le&nbsp;<a href=\"http:\/\/www.espace3d.fr\/planning-parapente-annecy\/\" target=\"_blank\" rel=\"noopener\">planning d\u2019Espace 3D<\/a>.<\/p><p>Si votre demande concerne un vol en biplace ou une demande d'h\u00e9bergement, n\u2019h\u00e9sitez pas \u00e0 m\u2019appeler ou \u00e0 m\u2019envoyer un message via le formulaire ci-dessous.<\/p><p>\n<div class=\"wpcf7 no-js\" id=\"wpcf7-f56313-o1\" lang=\"fr-FR\" dir=\"ltr\" data-wpcf7-id=\"56313\">\n<div class=\"screen-reader-response\"><p role=\"status\" aria-live=\"polite\" aria-atomic=\"true\"><\/p> <ul><\/ul><\/div>\n<form action=\"\/WordPress3\/wp-json\/wp\/v2\/pages\/52#wpcf7-f56313-o1\" method=\"post\" class=\"wpcf7-form init\" aria-label=\"Formulaire de contact\" novalidate=\"novalidate\" data-status=\"init\">\n<fieldset class=\"hidden-fields-container\"><input type=\"hidden\" name=\"_wpcf7\" value=\"56313\" \/><input type=\"hidden\" name=\"_wpcf7_version\" value=\"6.1.5\" \/><input type=\"hidden\" name=\"_wpcf7_locale\" value=\"fr_FR\" \/><input type=\"hidden\" name=\"_wpcf7_unit_tag\" value=\"wpcf7-f56313-o1\" \/><input type=\"hidden\" name=\"_wpcf7_container_post\" value=\"0\" \/><input type=\"hidden\" name=\"_wpcf7_posted_data_hash\" value=\"\" \/><input type=\"hidden\" name=\"_wpcf7_recaptcha_response\" value=\"\" \/>\n<\/fieldset>\n<p><label> Votre nom<br \/>\n<span class=\"wpcf7-form-control-wrap\" data-name=\"your-name\"><input size=\"40\" maxlength=\"400\" class=\"wpcf7-form-control wpcf7-text wpcf7-validates-as-required\" aria-required=\"true\" aria-invalid=\"false\" value=\"\" type=\"text\" name=\"your-name\" \/><\/span> <\/label>\n<\/p>\n<p><label> Votre e-mail<br \/>\n<span class=\"wpcf7-form-control-wrap\" data-name=\"your-email\"><input size=\"40\" maxlength=\"400\" class=\"wpcf7-form-control wpcf7-email wpcf7-validates-as-required wpcf7-text wpcf7-validates-as-email\" aria-required=\"true\" aria-invalid=\"false\" value=\"\" type=\"email\" name=\"your-email\" \/><\/span> <\/label>\n<\/p>\n<p><label> Objet<br \/>\n<span class=\"wpcf7-form-control-wrap\" data-name=\"your-subject\"><input size=\"40\" maxlength=\"400\" class=\"wpcf7-form-control wpcf7-text wpcf7-validates-as-required\" aria-required=\"true\" aria-invalid=\"false\" value=\"\" type=\"text\" name=\"your-subject\" \/><\/span> <\/label>\n<\/p>\n<p><label> Votre message<br \/>\n<span class=\"wpcf7-form-control-wrap\" data-name=\"your-message\"><textarea cols=\"40\" rows=\"10\" maxlength=\"2000\" class=\"wpcf7-form-control wpcf7-textarea\" aria-invalid=\"false\" name=\"your-message\"><\/textarea><\/span> <\/label>\n<\/p>\n<p><input class=\"wpcf7-form-control wpcf7-submit has-spinner\" type=\"submit\" value=\"Envoyer\" \/>\n<\/p><p style=\"display: none !important;\" class=\"akismet-fields-container\" data-prefix=\"_wpcf7_ak_\"><label>&#916;<textarea name=\"_wpcf7_ak_hp_textarea\" cols=\"45\" rows=\"8\" maxlength=\"100\"><\/textarea><\/label><input type=\"hidden\" id=\"ak_js_1\" name=\"_wpcf7_ak_js\" value=\"81\"\/><script data-jetpack-boost=\"ignore\">\ndocument.getElementById( \"ak_js_1\" ).setAttribute( \"value\", ( new Date() ).getTime() );\n<\/script>\n<\/p><div class=\"wpcf7-response-output\" aria-hidden=\"true\"><\/div>\n<\/form>\n<\/div>\n<\/p><\/div><\/div><\/div><\/div><\/div><\/div><\/div><\/div><div class=\"vce-row-container\" data-vce-boxed-width=\"true\"><div class=\"vce-row vce-row--col-gap-30 vce-row-equal-height vce-row-content--top\" id=\"el-77d913ea\" data-vce-do-apply=\"all el-77d913ea\"><div class=\"vce-row-content\" data-vce-element-content=\"true\"><div class=\"vce-col vce-col--md-auto vce-col--xs-1 vce-col--xs-last vce-col--xs-first vce-col--sm-last vce-col--sm-first vce-col--md-last vce-col--lg-last vce-col--xl-last vce-col--md-first vce-col--lg-first vce-col--xl-first\" id=\"el-56b5abae\"><div class=\"vce-col-inner\" data-vce-do-apply=\"border margin background  el-56b5abae\"><div class=\"vce-col-content\" data-vce-element-content=\"true\" data-vce-do-apply=\"padding el-56b5abae\"><div class=\"vce-text-block\"><div class=\"vce-text-block-wrapper vce\" id=\"el-251e5d3d\" data-vce-do-apply=\"all el-251e5d3d\"><iframe loading=\"lazy\" style=\"border: 0;\" src=\"https:\/\/www.google.com\/maps\/embed?pb=!1m18!1m12!1m3!1d3286.0786739490677!2d6.220433615722031!3d45.78163132022671!2m3!1f0!2f0!3f0!3m2!1i1024!2i768!4f13.1!3m3!1m2!1s0x478b9450b4660b47%3A0x44dcb70834d5298f!2sAtterrissage%20Parapente%20Doussard!5e1!3m2!1sfr!2sfr!4v1615985667767!5m2!1sfr!2sfr\" width=\"100%\" height=\"400px\" allowfullscreen=\"allowfullscreen\"><\/iframe><\/div><\/div><\/div><\/div><\/div><\/div><\/div><\/div>\n","protected":false},"excerpt":{"rendered":"<p>Maxime ChironMoniteur dipl\u00f4m\u00e9 BPJEPS &amp; DEJEPSSIRET : 539 514 182 0010Tel : 06.71.91.95.13Pour toute demande de r\u00e9servation de stage SIV, consultez le&nbsp;planning d\u2019Espace 3D.Si votre demande concerne un vol en biplace ou une demande d&#8217;h\u00e9bergement, n\u2019h\u00e9sitez pas \u00e0 m\u2019appeler ou \u00e0 m\u2019envoyer un message via le formulaire ci-dessous.<\/p>\n","protected":false},"author":1,"featured_media":0,"parent":0,"menu_order":0,"comment_status":"closed","ping_status":"open","template":"","meta":{"jetpack_post_was_ever_published":false,"_glsr_average":0,"_glsr_ranking":0,"_glsr_reviews":0,"footnotes":""},"class_list":["post-52","page","type-page","status-publish","hentry"],"yoast_head":"<!-- This site is optimized with the Yoast SEO plugin v26.8 - https:\/\/yoast.com\/product\/yoast-seo-wordpress\/ -->\n<title>Contact - Fly Different<\/title>\n<meta name=\"robots\" content=\"index, follow, max-snippet:-1, max-image-preview:large, max-video-preview:-1\" \/>\n<link rel=\"canonical\" href=\"https:\/\/www.fly-different.fr\/WordPress3\/contact\/\" \/>\n<meta property=\"og:locale\" content=\"fr_FR\" \/>\n<meta property=\"og:type\" content=\"article\" \/>\n<meta property=\"og:title\" content=\"Contact - Fly Different\" \/>\n<meta property=\"og:description\" content=\"Maxime ChironMoniteur dipl\u00f4m\u00e9 BPJEPS &amp; DEJEPSSIRET : 539 514 182 0010Tel : 06.71.91.95.13Pour toute demande de r\u00e9servation de stage SIV, consultez le&nbsp;planning d\u2019Espace 3D.Si votre demande concerne un vol en biplace ou une demande d&#039;h\u00e9bergement, n\u2019h\u00e9sitez pas \u00e0 m\u2019appeler ou \u00e0 m\u2019envoyer un message via le formulaire ci-dessous.\" \/>\n<meta property=\"og:url\" content=\"https:\/\/www.fly-different.fr\/WordPress3\/contact\/\" \/>\n<meta property=\"og:site_name\" content=\"Fly Different\" \/>\n<meta property=\"article:modified_time\" content=\"2022-01-18T08:51:15+00:00\" \/>\n<meta property=\"og:image\" content=\"https:\/\/www.fly-different.fr\/WordPress3\/wp-content\/themes\/twentyseventeen\/assets\/images\/max-profil.jpg\" \/>\n<meta name=\"twitter:card\" content=\"summary_large_image\" \/>\n<meta name=\"twitter:label1\" content=\"Dur\u00e9e de lecture estim\u00e9e\" \/>\n\t<meta name=\"twitter:data1\" content=\"1 minute\" \/>\n<script type=\"application\/ld+json\" class=\"yoast-schema-graph\">{\"@context\":\"https:\/\/schema.org\",\"@graph\":[{\"@type\":\"WebPage\",\"@id\":\"https:\/\/www.fly-different.fr\/WordPress3\/contact\/\",\"url\":\"https:\/\/www.fly-different.fr\/WordPress3\/contact\/\",\"name\":\"Contact - Fly Different\",\"isPartOf\":{\"@id\":\"https:\/\/www.fly-different.fr\/WordPress3\/#website\"},\"primaryImageOfPage\":{\"@id\":\"https:\/\/www.fly-different.fr\/WordPress3\/contact\/#primaryimage\"},\"image\":{\"@id\":\"https:\/\/www.fly-different.fr\/WordPress3\/contact\/#primaryimage\"},\"thumbnailUrl\":\"https:\/\/www.fly-different.fr\/WordPress3\/wp-content\/themes\/twentyseventeen\/assets\/images\/max-profil.jpg\",\"datePublished\":\"2014-05-27T05:56:56+00:00\",\"dateModified\":\"2022-01-18T08:51:15+00:00\",\"breadcrumb\":{\"@id\":\"https:\/\/www.fly-different.fr\/WordPress3\/contact\/#breadcrumb\"},\"inLanguage\":\"fr-FR\",\"potentialAction\":[{\"@type\":\"ReadAction\",\"target\":[\"https:\/\/www.fly-different.fr\/WordPress3\/contact\/\"]}]},{\"@type\":\"ImageObject\",\"inLanguage\":\"fr-FR\",\"@id\":\"https:\/\/www.fly-different.fr\/WordPress3\/contact\/#primaryimage\",\"url\":\"https:\/\/www.fly-different.fr\/WordPress3\/wp-content\/themes\/twentyseventeen\/assets\/images\/max-profil.jpg\",\"contentUrl\":\"https:\/\/www.fly-different.fr\/WordPress3\/wp-content\/themes\/twentyseventeen\/assets\/images\/max-profil.jpg\"},{\"@type\":\"BreadcrumbList\",\"@id\":\"https:\/\/www.fly-different.fr\/WordPress3\/contact\/#breadcrumb\",\"itemListElement\":[{\"@type\":\"ListItem\",\"position\":1,\"name\":\"Accueil\",\"item\":\"https:\/\/www.fly-different.fr\/WordPress3\/\"},{\"@type\":\"ListItem\",\"position\":2,\"name\":\"Contact\"}]},{\"@type\":\"WebSite\",\"@id\":\"https:\/\/www.fly-different.fr\/WordPress3\/#website\",\"url\":\"https:\/\/www.fly-different.fr\/WordPress3\/\",\"name\":\"Fly Different\",\"description\":\"Faites d\u00e9coller vos envies ...\",\"potentialAction\":[{\"@type\":\"SearchAction\",\"target\":{\"@type\":\"EntryPoint\",\"urlTemplate\":\"https:\/\/www.fly-different.fr\/WordPress3\/?s={search_term_string}\"},\"query-input\":{\"@type\":\"PropertyValueSpecification\",\"valueRequired\":true,\"valueName\":\"search_term_string\"}}],\"inLanguage\":\"fr-FR\"}]}<\/script>\n<!-- \/ Yoast SEO plugin. -->","yoast_head_json":{"title":"Contact - Fly Different","robots":{"index":"index","follow":"follow","max-snippet":"max-snippet:-1","max-image-preview":"max-image-preview:large","max-video-preview":"max-video-preview:-1"},"canonical":"https:\/\/www.fly-different.fr\/WordPress3\/contact\/","og_locale":"fr_FR","og_type":"article","og_title":"Contact - Fly Different","og_description":"Maxime ChironMoniteur dipl\u00f4m\u00e9 BPJEPS &amp; DEJEPSSIRET : 539 514 182 0010Tel : 06.71.91.95.13Pour toute demande de r\u00e9servation de stage SIV, consultez le&nbsp;planning d\u2019Espace 3D.Si votre demande concerne un vol en biplace ou une demande d'h\u00e9bergement, n\u2019h\u00e9sitez pas \u00e0 m\u2019appeler ou \u00e0 m\u2019envoyer un message via le formulaire ci-dessous.","og_url":"https:\/\/www.fly-different.fr\/WordPress3\/contact\/","og_site_name":"Fly Different","article_modified_time":"2022-01-18T08:51:15+00:00","og_image":[{"url":"https:\/\/www.fly-different.fr\/WordPress3\/wp-content\/themes\/twentyseventeen\/assets\/images\/max-profil.jpg","type":"","width":"","height":""}],"twitter_card":"summary_large_image","twitter_misc":{"Dur\u00e9e de lecture estim\u00e9e":"1 minute"},"schema":{"@context":"https:\/\/schema.org","@graph":[{"@type":"WebPage","@id":"https:\/\/www.fly-different.fr\/WordPress3\/contact\/","url":"https:\/\/www.fly-different.fr\/WordPress3\/contact\/","name":"Contact - Fly Different","isPartOf":{"@id":"https:\/\/www.fly-different.fr\/WordPress3\/#website"},"primaryImageOfPage":{"@id":"https:\/\/www.fly-different.fr\/WordPress3\/contact\/#primaryimage"},"image":{"@id":"https:\/\/www.fly-different.fr\/WordPress3\/contact\/#primaryimage"},"thumbnailUrl":"https:\/\/www.fly-different.fr\/WordPress3\/wp-content\/themes\/twentyseventeen\/assets\/images\/max-profil.jpg","datePublished":"2014-05-27T05:56:56+00:00","dateModified":"2022-01-18T08:51:15+00:00","breadcrumb":{"@id":"https:\/\/www.fly-different.fr\/WordPress3\/contact\/#breadcrumb"},"inLanguage":"fr-FR","potentialAction":[{"@type":"ReadAction","target":["https:\/\/www.fly-different.fr\/WordPress3\/contact\/"]}]},{"@type":"ImageObject","inLanguage":"fr-FR","@id":"https:\/\/www.fly-different.fr\/WordPress3\/contact\/#primaryimage","url":"https:\/\/www.fly-different.fr\/WordPress3\/wp-content\/themes\/twentyseventeen\/assets\/images\/max-profil.jpg","contentUrl":"https:\/\/www.fly-different.fr\/WordPress3\/wp-content\/themes\/twentyseventeen\/assets\/images\/max-profil.jpg"},{"@type":"BreadcrumbList","@id":"https:\/\/www.fly-different.fr\/WordPress3\/contact\/#breadcrumb","itemListElement":[{"@type":"ListItem","position":1,"name":"Accueil","item":"https:\/\/www.fly-different.fr\/WordPress3\/"},{"@type":"ListItem","position":2,"name":"Contact"}]},{"@type":"WebSite","@id":"https:\/\/www.fly-different.fr\/WordPress3\/#website","url":"https:\/\/www.fly-different.fr\/WordPress3\/","name":"Fly Different","description":"Faites d\u00e9coller vos envies ...","potentialAction":[{"@type":"SearchAction","target":{"@type":"EntryPoint","urlTemplate":"https:\/\/www.fly-different.fr\/WordPress3\/?s={search_term_string}"},"query-input":{"@type":"PropertyValueSpecification","valueRequired":true,"valueName":"search_term_string"}}],"inLanguage":"fr-FR"}]}},"jetpack_shortlink":"https:\/\/wp.me\/P4FzCy-Q","jetpack_sharing_enabled":false,"_links":{"self":[{"href":"https:\/\/www.fly-different.fr\/WordPress3\/wp-json\/wp\/v2\/pages\/52","targetHints":{"allow":["GET"]}}],"collection":[{"href":"https:\/\/www.fly-different.fr\/WordPress3\/wp-json\/wp\/v2\/pages"}],"about":[{"href":"https:\/\/www.fly-different.fr\/WordPress3\/wp-json\/wp\/v2\/types\/page"}],"author":[{"embeddable":true,"href":"https:\/\/www.fly-different.fr\/WordPress3\/wp-json\/wp\/v2\/users\/1"}],"replies":[{"embeddable":true,"href":"https:\/\/www.fly-different.fr\/WordPress3\/wp-json\/wp\/v2\/comments?post=52"}],"version-history":[{"count":0,"href":"https:\/\/www.fly-different.fr\/WordPress3\/wp-json\/wp\/v2\/pages\/52\/revisions"}],"wp:attachment":[{"href":"https:\/\/www.fly-different.fr\/WordPress3\/wp-json\/wp\/v2\/media?parent=52"}],"curies":[{"name":"wp","href":"https:\/\/api.w.org\/{rel}","templated":true}]}}