{"id":57140,"date":"2021-03-21T15:58:31","date_gmt":"2021-03-21T14:58:31","guid":{"rendered":"https:\/\/www.fly-different.fr\/WordPress3\/?page_id=57140"},"modified":"2023-04-24T10:54:37","modified_gmt":"2023-04-24T08:54:37","slug":"stage-siv","status":"publish","type":"page","link":"https:\/\/www.fly-different.fr\/WordPress3\/stage-siv\/","title":{"rendered":"Stage pilotage (SIV)"},"content":{"rendered":"<div class=\"mobileHide\">\n<table style=\"border-collapse: collapse; width: 100%;\">\n<tbody>\n<tr>\n<td style=\"width: 50%;\"><i><img data-recalc-dims=\"1\" decoding=\"async\" src=\"https:\/\/i0.wp.com\/www.fly-different.fr\/WordPress3\/wp-content\/uploads\/2021\/03\/Siv.jpg?w=525&#038;ssl=1\" alt=\"\" \/><\/i><\/td>\n<td style=\"width: 40%;\">\n<p style=\"text-align: left; font-size: 20px;\">Stage Pilotage (SIV)<\/p>\n<p>\n&nbsp;<br \/>\nVous souhaitez acqu\u00e9rir davantage d\u2019aisance \u00e0 man\u0153uvrer votre parapente, ma\u00eetriser les effets des turbulences, vous autoriser plus de possibilit\u00e9s de vol dans des conditions plus fortes. Bref, vous d\u00e9coincer vis-\u00e0-vis de la fa\u00e7on de piloter votre parapente ?<br \/>\n&nbsp;<br \/>\nLe stage SIV sur 2 ou 3 Jours vous offre cette possibilit\u00e9.<br \/>\n&nbsp;<\/p>\n<p style=\"text-align: left; font-weight: 600;\"><em><a href=\"https:\/\/www.fly-different.fr\/WordPress3\/le-stage-siv\/\">En savoir plus<\/a><\/em><\/p>\n<\/td>\n<\/tr>\n<\/tbody>\n<\/table>\n<\/div>\n<div class=\"mobileShow\">\n<h2 style=\"text-align: center; color:#000\">Stage pilotage (SIV)<\/h2>\n<table style=\"border-collapse: collapse; width: 100%;\">\n<tbody>\n<tr>\n<td style=\"width: 100%;\">Vous souhaitez acqu\u00e9rir davantage d\u2019aisance \u00e0 man\u0153uvrer votre parapente, ma\u00eetriser les effets des turbulences, vous autoriser plus de possibilit\u00e9s de vol dans des conditions plus fortes. Bref, vous d\u00e9coincer vis-\u00e0-vis de la fa\u00e7on de piloter votre parapente ?<br \/>\n&nbsp;<br \/>\nLe stage SIV sur 2 ou 3 Jours vous offre cette possibilit\u00e9.<\/p>\n<p style=\"text-align: center;\"><em><a href=\"https:\/\/www.fly-different.fr\/WordPress3\/le-stage-siv\/\">En savoir plus<\/a><\/em><\/p>\n<\/td>\n<\/tr>\n<\/tbody>\n<\/table>\n<\/div>\n","protected":false},"excerpt":{"rendered":"<p>Stage Pilotage (SIV) &nbsp; Vous souhaitez acqu\u00e9rir davantage d\u2019aisance \u00e0 man\u0153uvrer votre parapente, ma\u00eetriser les effets des turbulences, vous autoriser plus de possibilit\u00e9s de vol dans des conditions plus fortes. Bref, vous d\u00e9coincer vis-\u00e0-vis de la fa\u00e7on de piloter votre parapente ? &nbsp; Le stage SIV sur 2 ou 3 Jours vous offre cette possibilit\u00e9. &hellip; <\/p>\n<p class=\"link-more\"><a href=\"https:\/\/www.fly-different.fr\/WordPress3\/stage-siv\/\" class=\"more-link\">Continuer la lecture<span class=\"screen-reader-text\"> de &laquo;&nbsp;Stage pilotage (SIV)&nbsp;&raquo;<\/span><\/a><\/p>\n","protected":false},"author":1,"featured_media":58213,"parent":0,"menu_order":0,"comment_status":"closed","ping_status":"closed","template":"","meta":{"jetpack_post_was_ever_published":false,"_glsr_average":0,"_glsr_ranking":0,"_glsr_reviews":0,"footnotes":""},"class_list":["post-57140","page","type-page","status-publish","has-post-thumbnail","hentry"],"yoast_head":"<!-- This site is optimized with the Yoast SEO plugin v26.8 - https:\/\/yoast.com\/product\/yoast-seo-wordpress\/ -->\n<title>Stage pilotage (SIV) - Fly Different<\/title>\n<meta name=\"robots\" content=\"index, follow, max-snippet:-1, max-image-preview:large, max-video-preview:-1\" \/>\n<link rel=\"canonical\" href=\"https:\/\/www.fly-different.fr\/WordPress3\/stage-siv\/\" \/>\n<meta property=\"og:locale\" content=\"fr_FR\" \/>\n<meta property=\"og:type\" content=\"article\" \/>\n<meta property=\"og:title\" content=\"Stage pilotage (SIV) - Fly Different\" \/>\n<meta property=\"og:description\" content=\"Stage Pilotage (SIV) &nbsp; Vous souhaitez acqu\u00e9rir davantage d\u2019aisance \u00e0 man\u0153uvrer votre parapente, ma\u00eetriser les effets des turbulences, vous autoriser plus de possibilit\u00e9s de vol dans des conditions plus fortes. Bref, vous d\u00e9coincer vis-\u00e0-vis de la fa\u00e7on de piloter votre parapente ? &nbsp; Le stage SIV sur 2 ou 3 Jours vous offre cette possibilit\u00e9. &hellip; Continuer la lecture de &laquo;&nbsp;Stage pilotage (SIV)&nbsp;&raquo;\" \/>\n<meta property=\"og:url\" content=\"https:\/\/www.fly-different.fr\/WordPress3\/stage-siv\/\" \/>\n<meta property=\"og:site_name\" content=\"Fly Different\" \/>\n<meta property=\"article:modified_time\" content=\"2023-04-24T08:54:37+00:00\" \/>\n<meta property=\"og:image\" content=\"https:\/\/www.fly-different.fr\/WordPress3\/wp-content\/uploads\/2021\/04\/wing-lac2.jpg\" \/>\n\t<meta property=\"og:image:width\" content=\"2000\" \/>\n\t<meta property=\"og:image:height\" content=\"1000\" \/>\n\t<meta property=\"og:image:type\" content=\"image\/jpeg\" \/>\n<meta name=\"twitter:card\" content=\"summary_large_image\" \/>\n<meta name=\"twitter:label1\" content=\"Dur\u00e9e de lecture estim\u00e9e\" \/>\n\t<meta name=\"twitter:data1\" content=\"1 minute\" \/>\n<script type=\"application\/ld+json\" class=\"yoast-schema-graph\">{\"@context\":\"https:\/\/schema.org\",\"@graph\":[{\"@type\":\"WebPage\",\"@id\":\"https:\/\/www.fly-different.fr\/WordPress3\/stage-siv\/\",\"url\":\"https:\/\/www.fly-different.fr\/WordPress3\/stage-siv\/\",\"name\":\"Stage pilotage (SIV) - Fly Different\",\"isPartOf\":{\"@id\":\"https:\/\/www.fly-different.fr\/WordPress3\/#website\"},\"primaryImageOfPage\":{\"@id\":\"https:\/\/www.fly-different.fr\/WordPress3\/stage-siv\/#primaryimage\"},\"image\":{\"@id\":\"https:\/\/www.fly-different.fr\/WordPress3\/stage-siv\/#primaryimage\"},\"thumbnailUrl\":\"https:\/\/i0.wp.com\/www.fly-different.fr\/WordPress3\/wp-content\/uploads\/2021\/04\/wing-lac2.jpg?fit=2000%2C1000&ssl=1\",\"datePublished\":\"2021-03-21T14:58:31+00:00\",\"dateModified\":\"2023-04-24T08:54:37+00:00\",\"breadcrumb\":{\"@id\":\"https:\/\/www.fly-different.fr\/WordPress3\/stage-siv\/#breadcrumb\"},\"inLanguage\":\"fr-FR\",\"potentialAction\":[{\"@type\":\"ReadAction\",\"target\":[\"https:\/\/www.fly-different.fr\/WordPress3\/stage-siv\/\"]}]},{\"@type\":\"ImageObject\",\"inLanguage\":\"fr-FR\",\"@id\":\"https:\/\/www.fly-different.fr\/WordPress3\/stage-siv\/#primaryimage\",\"url\":\"https:\/\/i0.wp.com\/www.fly-different.fr\/WordPress3\/wp-content\/uploads\/2021\/04\/wing-lac2.jpg?fit=2000%2C1000&ssl=1\",\"contentUrl\":\"https:\/\/i0.wp.com\/www.fly-different.fr\/WordPress3\/wp-content\/uploads\/2021\/04\/wing-lac2.jpg?fit=2000%2C1000&ssl=1\",\"width\":2000,\"height\":1000},{\"@type\":\"BreadcrumbList\",\"@id\":\"https:\/\/www.fly-different.fr\/WordPress3\/stage-siv\/#breadcrumb\",\"itemListElement\":[{\"@type\":\"ListItem\",\"position\":1,\"name\":\"Accueil\",\"item\":\"https:\/\/www.fly-different.fr\/WordPress3\/\"},{\"@type\":\"ListItem\",\"position\":2,\"name\":\"Stage pilotage (SIV)\"}]},{\"@type\":\"WebSite\",\"@id\":\"https:\/\/www.fly-different.fr\/WordPress3\/#website\",\"url\":\"https:\/\/www.fly-different.fr\/WordPress3\/\",\"name\":\"Fly Different\",\"description\":\"Faites d\u00e9coller vos envies ...\",\"potentialAction\":[{\"@type\":\"SearchAction\",\"target\":{\"@type\":\"EntryPoint\",\"urlTemplate\":\"https:\/\/www.fly-different.fr\/WordPress3\/?s={search_term_string}\"},\"query-input\":{\"@type\":\"PropertyValueSpecification\",\"valueRequired\":true,\"valueName\":\"search_term_string\"}}],\"inLanguage\":\"fr-FR\"}]}<\/script>\n<!-- \/ Yoast SEO plugin. -->","yoast_head_json":{"title":"Stage pilotage (SIV) - Fly Different","robots":{"index":"index","follow":"follow","max-snippet":"max-snippet:-1","max-image-preview":"max-image-preview:large","max-video-preview":"max-video-preview:-1"},"canonical":"https:\/\/www.fly-different.fr\/WordPress3\/stage-siv\/","og_locale":"fr_FR","og_type":"article","og_title":"Stage pilotage (SIV) - Fly Different","og_description":"Stage Pilotage (SIV) &nbsp; Vous souhaitez acqu\u00e9rir davantage d\u2019aisance \u00e0 man\u0153uvrer votre parapente, ma\u00eetriser les effets des turbulences, vous autoriser plus de possibilit\u00e9s de vol dans des conditions plus fortes. Bref, vous d\u00e9coincer vis-\u00e0-vis de la fa\u00e7on de piloter votre parapente ? &nbsp; Le stage SIV sur 2 ou 3 Jours vous offre cette possibilit\u00e9. &hellip; Continuer la lecture de &laquo;&nbsp;Stage pilotage (SIV)&nbsp;&raquo;","og_url":"https:\/\/www.fly-different.fr\/WordPress3\/stage-siv\/","og_site_name":"Fly Different","article_modified_time":"2023-04-24T08:54:37+00:00","og_image":[{"width":2000,"height":1000,"url":"https:\/\/www.fly-different.fr\/WordPress3\/wp-content\/uploads\/2021\/04\/wing-lac2.jpg","type":"image\/jpeg"}],"twitter_card":"summary_large_image","twitter_misc":{"Dur\u00e9e de lecture estim\u00e9e":"1 minute"},"schema":{"@context":"https:\/\/schema.org","@graph":[{"@type":"WebPage","@id":"https:\/\/www.fly-different.fr\/WordPress3\/stage-siv\/","url":"https:\/\/www.fly-different.fr\/WordPress3\/stage-siv\/","name":"Stage pilotage (SIV) - Fly Different","isPartOf":{"@id":"https:\/\/www.fly-different.fr\/WordPress3\/#website"},"primaryImageOfPage":{"@id":"https:\/\/www.fly-different.fr\/WordPress3\/stage-siv\/#primaryimage"},"image":{"@id":"https:\/\/www.fly-different.fr\/WordPress3\/stage-siv\/#primaryimage"},"thumbnailUrl":"https:\/\/i0.wp.com\/www.fly-different.fr\/WordPress3\/wp-content\/uploads\/2021\/04\/wing-lac2.jpg?fit=2000%2C1000&ssl=1","datePublished":"2021-03-21T14:58:31+00:00","dateModified":"2023-04-24T08:54:37+00:00","breadcrumb":{"@id":"https:\/\/www.fly-different.fr\/WordPress3\/stage-siv\/#breadcrumb"},"inLanguage":"fr-FR","potentialAction":[{"@type":"ReadAction","target":["https:\/\/www.fly-different.fr\/WordPress3\/stage-siv\/"]}]},{"@type":"ImageObject","inLanguage":"fr-FR","@id":"https:\/\/www.fly-different.fr\/WordPress3\/stage-siv\/#primaryimage","url":"https:\/\/i0.wp.com\/www.fly-different.fr\/WordPress3\/wp-content\/uploads\/2021\/04\/wing-lac2.jpg?fit=2000%2C1000&ssl=1","contentUrl":"https:\/\/i0.wp.com\/www.fly-different.fr\/WordPress3\/wp-content\/uploads\/2021\/04\/wing-lac2.jpg?fit=2000%2C1000&ssl=1","width":2000,"height":1000},{"@type":"BreadcrumbList","@id":"https:\/\/www.fly-different.fr\/WordPress3\/stage-siv\/#breadcrumb","itemListElement":[{"@type":"ListItem","position":1,"name":"Accueil","item":"https:\/\/www.fly-different.fr\/WordPress3\/"},{"@type":"ListItem","position":2,"name":"Stage pilotage (SIV)"}]},{"@type":"WebSite","@id":"https:\/\/www.fly-different.fr\/WordPress3\/#website","url":"https:\/\/www.fly-different.fr\/WordPress3\/","name":"Fly Different","description":"Faites d\u00e9coller vos envies ...","potentialAction":[{"@type":"SearchAction","target":{"@type":"EntryPoint","urlTemplate":"https:\/\/www.fly-different.fr\/WordPress3\/?s={search_term_string}"},"query-input":{"@type":"PropertyValueSpecification","valueRequired":true,"valueName":"search_term_string"}}],"inLanguage":"fr-FR"}]}},"jetpack_shortlink":"https:\/\/wp.me\/P4FzCy-eRC","jetpack_sharing_enabled":false,"_links":{"self":[{"href":"https:\/\/www.fly-different.fr\/WordPress3\/wp-json\/wp\/v2\/pages\/57140","targetHints":{"allow":["GET"]}}],"collection":[{"href":"https:\/\/www.fly-different.fr\/WordPress3\/wp-json\/wp\/v2\/pages"}],"about":[{"href":"https:\/\/www.fly-different.fr\/WordPress3\/wp-json\/wp\/v2\/types\/page"}],"author":[{"embeddable":true,"href":"https:\/\/www.fly-different.fr\/WordPress3\/wp-json\/wp\/v2\/users\/1"}],"replies":[{"embeddable":true,"href":"https:\/\/www.fly-different.fr\/WordPress3\/wp-json\/wp\/v2\/comments?post=57140"}],"version-history":[{"count":0,"href":"https:\/\/www.fly-different.fr\/WordPress3\/wp-json\/wp\/v2\/pages\/57140\/revisions"}],"wp:featuredmedia":[{"embeddable":true,"href":"https:\/\/www.fly-different.fr\/WordPress3\/wp-json\/wp\/v2\/media\/58213"}],"wp:attachment":[{"href":"https:\/\/www.fly-different.fr\/WordPress3\/wp-json\/wp\/v2\/media?parent=57140"}],"curies":[{"name":"wp","href":"https:\/\/api.w.org\/{rel}","templated":true}]}}