{"id":59933,"date":"2022-01-12T18:46:37","date_gmt":"2022-01-12T17:46:37","guid":{"rendered":"https:\/\/www.fly-different.fr\/WordPress3\/?page_id=59933"},"modified":"2023-05-10T13:04:20","modified_gmt":"2023-05-10T11:04:20","slug":"hebergement","status":"publish","type":"page","link":"https:\/\/www.fly-different.fr\/WordPress3\/hebergement\/","title":{"rendered":"H\u00e9bergement"},"content":{"rendered":"<div class=\"vce-row-container\" data-vce-boxed-width=\"true\"><div class=\"vce-row vce-row--col-gap-30 vce-row-equal-height vce-row-content--top\" id=\"el-8419ca2a\" data-vce-do-apply=\"all el-8419ca2a\"><div class=\"vce-row-content\" data-vce-element-content=\"true\"><div class=\"vce-col vce-col--md-auto vce-col--xs-1 vce-col--xs-last vce-col--xs-first vce-col--sm-last vce-col--sm-first vce-col--md-last vce-col--lg-last vce-col--xl-last vce-col--md-first vce-col--lg-first vce-col--xl-first\" id=\"el-01c911aa\"><div class=\"vce-col-inner\" data-vce-do-apply=\"border margin background  el-01c911aa\"><div class=\"vce-col-content\" data-vce-element-content=\"true\" data-vce-do-apply=\"padding el-01c911aa\"><div class=\"vce-text-block\"><div class=\"vce-text-block-wrapper vce\" id=\"el-53856e4a\" data-vce-do-apply=\"all el-53856e4a\"><h2 style=\"text-align: center;\">Chez Max &amp; Nana<\/h2><\/div><\/div><\/div><\/div><\/div><\/div><\/div><\/div><div class=\"vce-row-container\" data-vce-boxed-width=\"true\"><div class=\"vce-row vce-row--col-gap-30 vce-row-equal-height vce-row-content--top\" id=\"el-635a8191\" data-vce-do-apply=\"all el-635a8191\"><div class=\"vce-row-content\" data-vce-element-content=\"true\"><div class=\"vce-col vce-col--md-33p vce-col--xs-1 vce-col--xs-last vce-col--xs-first vce-col--sm-last vce-col--sm-first vce-col--md-first vce-col--lg-first vce-col--xl-first\" id=\"el-d5bacd30\"><div class=\"vce-col-inner\" data-vce-do-apply=\"border margin background  el-d5bacd30\"><div class=\"vce-col-content\" data-vce-element-content=\"true\" data-vce-do-apply=\"padding el-d5bacd30\"><div class=\"vce-text-block\"><div class=\"vce-text-block-wrapper vce\" id=\"el-5ae13c3d\" data-vce-do-apply=\"all el-5ae13c3d\"><p style=\"text-align: center; line-height: 2.25;\"><img data-recalc-dims=\"1\" loading=\"lazy\" decoding=\"async\" class=\"wp-image-60267\" src=\"https:\/\/i0.wp.com\/www.fly-different.fr\/WordPress3\/wp-content\/uploads\/2022\/01\/randonnee.png?resize=30%2C30&#038;ssl=1\" alt=\"\" width=\"30\" height=\"30\" srcset=\"https:\/\/i0.wp.com\/www.fly-different.fr\/WordPress3\/wp-content\/uploads\/2022\/01\/randonnee.png?w=512&amp;ssl=1 512w, https:\/\/i0.wp.com\/www.fly-different.fr\/WordPress3\/wp-content\/uploads\/2022\/01\/randonnee.png?resize=300%2C300&amp;ssl=1 300w, https:\/\/i0.wp.com\/www.fly-different.fr\/WordPress3\/wp-content\/uploads\/2022\/01\/randonnee.png?resize=150%2C150&amp;ssl=1 150w, https:\/\/i0.wp.com\/www.fly-different.fr\/WordPress3\/wp-content\/uploads\/2022\/01\/randonnee.png?resize=100%2C100&amp;ssl=1 100w\" sizes=\"auto, (max-width: 30px) 100vw, 30px\" \/>&nbsp; 4 personnes<\/p><\/div><\/div><\/div><\/div><\/div><div class=\"vce-col vce-col--md-33p vce-col--xs-1 vce-col--xs-last vce-col--xs-first vce-col--sm-last vce-col--sm-first\" id=\"el-361abcd0\"><div class=\"vce-col-inner\" data-vce-do-apply=\"border margin background  el-361abcd0\"><div class=\"vce-col-content\" data-vce-element-content=\"true\" data-vce-do-apply=\"padding el-361abcd0\"><div class=\"vce-text-block\"><div class=\"vce-text-block-wrapper vce\" id=\"el-0331ddb8\" data-vce-do-apply=\"all el-0331ddb8\"><p style=\"line-height: 0.5; text-align: center;\"><img data-recalc-dims=\"1\" loading=\"lazy\" decoding=\"async\" class=\"wp-image-60267\" src=\"https:\/\/i0.wp.com\/www.fly-different.fr\/WordPress3\/wp-content\/uploads\/2022\/01\/bed.png?resize=30%2C30&#038;ssl=1\" alt=\"\" width=\"30\" height=\"30\">&nbsp; &nbsp;55m2<\/p><\/div><\/div><\/div><\/div><\/div><div class=\"vce-col vce-col--md-auto vce-col--xs-1 vce-col--xs-last vce-col--xs-first vce-col--sm-last vce-col--sm-first vce-col--md-last vce-col--lg-last vce-col--xl-last\" id=\"el-a2d633e6\"><div class=\"vce-col-inner\" data-vce-do-apply=\"border margin background  el-a2d633e6\"><div class=\"vce-col-content\" data-vce-element-content=\"true\" data-vce-do-apply=\"padding el-a2d633e6\"><div class=\"vce-text-block\"><div class=\"vce-text-block-wrapper vce\" id=\"el-084b9378\" data-vce-do-apply=\"all el-084b9378\"><p style=\"text-align: center; line-height: 2.25;\"><img data-recalc-dims=\"1\" loading=\"lazy\" decoding=\"async\" class=\"wp-image-60267\" src=\"https:\/\/i0.wp.com\/www.fly-different.fr\/WordPress3\/wp-content\/uploads\/2022\/01\/park.png?resize=30%2C30&#038;ssl=1\" alt=\"\" width=\"30\" height=\"30\">&nbsp; &nbsp;Jardin privatif<\/p><\/div><\/div><\/div><\/div><\/div><\/div><\/div><\/div><div class=\"vce-row-container\" data-vce-boxed-width=\"true\"><div class=\"vce-row vce-row--col-gap-30 vce-row-equal-height vce-row-content--top\" id=\"el-a5dbdfa0\" data-vce-do-apply=\"all el-a5dbdfa0\"><div class=\"vce-row-content\" data-vce-element-content=\"true\"><div class=\"vce-col vce-col--md-auto vce-col--xs-1 vce-col--xs-last vce-col--xs-first vce-col--sm-last vce-col--sm-first vce-col--md-last vce-col--lg-last vce-col--xl-last vce-col--md-first vce-col--lg-first vce-col--xl-first\" id=\"el-b92f9673\"><div class=\"vce-col-inner\" data-vce-do-apply=\"border margin background  el-b92f9673\"><div class=\"vce-col-content\" data-vce-element-content=\"true\" data-vce-do-apply=\"padding el-b92f9673\"><div class=\"vce-text-block\"><div class=\"vce-text-block-wrapper vce\" id=\"el-4a162f66\" data-vce-do-apply=\"all el-4a162f66\"><p>Situ\u00e9 \u00e0 Marlens, au carrefour des Aravis et des Bauges,&nbsp; les Alpes du Nord s'offrent \u00e0 vous.<\/p>\n<p>&nbsp;<\/p>\n<p>Que vous soyez parapentistes, randonneurs, skieurs ou appr\u00e9ciiez simplement nos belles montagnes, vous serez ici id\u00e9alement plac\u00e9s pour d\u00e9couvrir le secteur.<\/p>\n<p>&nbsp;<\/p>\n<p>Nous serons ravis de vous accueillir pour votre s\u00e9jour.<\/p><\/div><\/div><\/div><\/div><\/div><\/div><\/div><\/div><div class=\"vce-row-container\" data-vce-boxed-width=\"true\"><div class=\"vce-row vce-row--col-gap-30 vce-row-equal-height vce-row-content--top\" id=\"el-e0a5ad67\" data-vce-do-apply=\"all el-e0a5ad67\"><div class=\"vce-row-content\" data-vce-element-content=\"true\"><div class=\"vce-col vce-col--md-auto vce-col--xs-1 vce-col--xs-last vce-col--xs-first vce-col--sm-last vce-col--sm-first vce-col--md-last vce-col--lg-last vce-col--xl-last vce-col--md-first vce-col--lg-first vce-col--xl-first\" id=\"el-d68a6c3c\"><div class=\"vce-col-inner\" data-vce-do-apply=\"border margin background  el-d68a6c3c\"><div class=\"vce-col-content\" data-vce-element-content=\"true\" data-vce-do-apply=\"padding el-d68a6c3c\"><div class=\"vce-text-block\"><div class=\"vce-text-block-wrapper vce\" id=\"el-70582eb1\" data-vce-do-apply=\"all el-70582eb1\"><p>(1 Septembre - 31 Juin) - 90\u20ac \/ Jour<\/p>\n<p>&nbsp;<\/p>\n<p>(1 Juillet- 31 Ao\u00fbt) - 100\u20ac \/ Jour<\/p>\n<p>&nbsp;<\/p>\n<p>Les tarifs incluent draps &amp; serviettes de bain ainsi que les frais de m\u00e9nage.<\/p>\n<div id=\"myp.gp.cleaningFee.row-title\" class=\"_tlhslb\" style=\"box-sizing: border-box; color: #222222; font-family: Circular, -apple-system, 'system-ui', Roboto, 'Helvetica Neue', sans-serif; line-height: 20px !important; padding: 0px !important;\">&nbsp;<\/div><\/div><\/div><\/div><\/div><\/div><\/div><\/div><\/div><div class=\"vce-row-container\" data-vce-boxed-width=\"true\"><div class=\"vce-row vce-row--col-gap-30 vce-row-equal-height vce-row-content--top\" id=\"el-7e2e6204\" data-vce-do-apply=\"all el-7e2e6204\"><div class=\"vce-row-content\" data-vce-element-content=\"true\"><div class=\"vce-col vce-col--md-auto vce-col--xs-1 vce-col--xs-last vce-col--xs-first vce-col--sm-last vce-col--sm-first vce-col--md-first vce-col--lg-first vce-col--xl-first\" id=\"el-9a0cd7b7\"><div class=\"vce-col-inner\" data-vce-do-apply=\"border margin background  el-9a0cd7b7\"><div class=\"vce-col-content\" data-vce-element-content=\"true\" data-vce-do-apply=\"padding el-9a0cd7b7\"><div class=\"vce-button--style-basic-container vce-button--style-basic-container--align-center\"><span class=\"vce-button--style-basic-wrapper vce vce-button--style-basic-wrapper--stretched\" id=\"el-e6a26aed\" data-vce-do-apply=\"margin el-e6a26aed\"><a class=\"vce-button vce-button--style-basic vce-button--style-basic--border-rounded vce-button--style-basic--size-medium vce-button--style-basic--color-557cbf--fff\" href=\"https:\/\/www.fly-different.fr\/WordPress3\/wp-content\/uploads\/2022\/01\/Chez-Max-Nana.pdf\" title=\"\" target=\"_blank\" data-vce-do-apply=\"padding border background  el-e6a26aed\" rel=\"noopener\">T\u00e9l\u00e9charger le dossier complet<\/a><\/span><\/div><\/div><\/div><\/div><div class=\"vce-col vce-col--md-auto vce-col--xs-1 vce-col--xs-last vce-col--xs-first vce-col--sm-last vce-col--sm-first vce-col--md-last vce-col--lg-last vce-col--xl-last\" id=\"el-b4c22669\"><div class=\"vce-col-inner\" data-vce-do-apply=\"border margin background  el-b4c22669\"><div class=\"vce-col-content\" data-vce-element-content=\"true\" data-vce-do-apply=\"padding el-b4c22669\"><div class=\"vce-button--style-basic-container vce-button--style-basic-container--align-left\"><span class=\"vce-button--style-basic-wrapper vce vce-button--style-basic-wrapper--stretched\" id=\"el-a204ee14\" data-vce-do-apply=\"margin el-a204ee14\"><a class=\"vce-button vce-button--style-basic vce-button--style-basic--border-rounded vce-button--style-basic--size-medium vce-button--style-basic--color-557cbf--fff\" href=\"https:\/\/www.fly-different.fr\/WordPress3\/contact\/\" title=\"\" data-vce-do-apply=\"padding border background  el-a204ee14\">R\u00e9server  \/  Nous contacter<\/a><\/span><\/div><\/div><\/div><\/div><\/div><\/div><\/div><div class=\"vce-row-container\" data-vce-boxed-width=\"true\"><div class=\"vce-row vce-row--col-gap-30 vce-row-equal-height vce-row-content--top\" id=\"el-90c48093\" data-vce-do-apply=\"all el-90c48093\"><div class=\"vce-row-content\" data-vce-element-content=\"true\"><div class=\"vce-col vce-col--md-auto vce-col--xs-1 vce-col--xs-last vce-col--xs-first vce-col--sm-last vce-col--sm-first vce-col--md-last vce-col--lg-last vce-col--xl-last vce-col--md-first vce-col--lg-first vce-col--xl-first\" id=\"el-a963aa30\"><div class=\"vce-col-inner\" data-vce-do-apply=\"border margin background  el-a963aa30\"><div class=\"vce-content-background-container\"><div class=\"vce-asset-parallax-container vce-visible-all-only\" data-vce-assets-parallax=\".vce-asset-parallax\" data-vce-assets-parallax-reverse=\"false\"><div class=\"vce-asset-parallax\" style=\"top: -30vh; bottom: -30vh; transform: translateY(25.6293vh);\"><\/div><\/div><\/div><div class=\"vce-col-content\" data-vce-element-content=\"true\" data-vce-do-apply=\"padding el-a963aa30\"><div class=\"vce-image-gallery vce-image-gallery--gap-10 vce-image-gallery--columns-3\"><div class=\"vce-image-gallery-wrapper vce\" id=\"el-35330af0\" data-vce-do-apply=\"all el-35330af0\"><div class=\"vce-image-gallery-list\"><div class=\"vce-image-gallery-item\"><figure class=\"vce-image-gallery-item-inner-wrapper\"><a href=\"https:\/\/i0.wp.com\/www.fly-different.fr\/WordPress3\/wp-content\/uploads\/2022\/09\/4b6bfd09-bb9f-45a1-b34c-b9126ad37d69.webp?ssl=1\" data-lightbox=\"lightbox-35330af0\" class=\"vce-image-gallery-item-inner\"><img data-recalc-dims=\"1\" decoding=\"async\" class=\"vce-image-gallery-img\" src=\"https:\/\/i0.wp.com\/www.fly-different.fr\/WordPress3\/wp-content\/uploads\/2022\/09\/4b6bfd09-bb9f-45a1-b34c-b9126ad37d69.webp?w=525&#038;ssl=1\" alt=\"\" title=\"4b6bfd09-bb9f-45a1-b34c-b9126ad37d69\"><\/a><\/figure><\/div><div class=\"vce-image-gallery-item\"><figure class=\"vce-image-gallery-item-inner-wrapper\"><a href=\"https:\/\/i0.wp.com\/www.fly-different.fr\/WordPress3\/wp-content\/uploads\/2022\/09\/cf55ee63-04e8-4e5f-a292-b22b2c0e290c.webp?ssl=1\" data-lightbox=\"lightbox-35330af0\" class=\"vce-image-gallery-item-inner\"><img data-recalc-dims=\"1\" decoding=\"async\" class=\"vce-image-gallery-img\" src=\"https:\/\/i0.wp.com\/www.fly-different.fr\/WordPress3\/wp-content\/uploads\/2022\/09\/cf55ee63-04e8-4e5f-a292-b22b2c0e290c.webp?w=525&#038;ssl=1\" alt=\"\" title=\"cf55ee63-04e8-4e5f-a292-b22b2c0e290c\"><\/a><\/figure><\/div><div class=\"vce-image-gallery-item\"><figure class=\"vce-image-gallery-item-inner-wrapper\"><a href=\"https:\/\/i0.wp.com\/www.fly-different.fr\/WordPress3\/wp-content\/uploads\/2022\/09\/23c8d171-02b2-4502-9307-8b5f2e245556.webp?ssl=1\" data-lightbox=\"lightbox-35330af0\" class=\"vce-image-gallery-item-inner\"><img data-recalc-dims=\"1\" decoding=\"async\" class=\"vce-image-gallery-img\" src=\"https:\/\/i0.wp.com\/www.fly-different.fr\/WordPress3\/wp-content\/uploads\/2022\/09\/23c8d171-02b2-4502-9307-8b5f2e245556.webp?w=525&#038;ssl=1\" alt=\"\" title=\"23c8d171-02b2-4502-9307-8b5f2e245556\"><\/a><\/figure><\/div><div class=\"vce-image-gallery-item\"><figure class=\"vce-image-gallery-item-inner-wrapper\"><a href=\"https:\/\/i0.wp.com\/www.fly-different.fr\/WordPress3\/wp-content\/uploads\/2022\/09\/29521016-4ea1-4029-99d0-0688e6456516.webp?ssl=1\" data-lightbox=\"lightbox-35330af0\" class=\"vce-image-gallery-item-inner\"><img data-recalc-dims=\"1\" decoding=\"async\" class=\"vce-image-gallery-img\" src=\"https:\/\/i0.wp.com\/www.fly-different.fr\/WordPress3\/wp-content\/uploads\/2022\/09\/29521016-4ea1-4029-99d0-0688e6456516.webp?w=525&#038;ssl=1\" alt=\"\" title=\"29521016-4ea1-4029-99d0-0688e6456516\"><\/a><\/figure><\/div><div class=\"vce-image-gallery-item\"><figure class=\"vce-image-gallery-item-inner-wrapper\"><a href=\"https:\/\/i0.wp.com\/www.fly-different.fr\/WordPress3\/wp-content\/uploads\/2022\/09\/3de70465-70bf-4f39-b7b5-9d8eb23a1a2d.webp?ssl=1\" data-lightbox=\"lightbox-35330af0\" class=\"vce-image-gallery-item-inner\"><img data-recalc-dims=\"1\" decoding=\"async\" class=\"vce-image-gallery-img\" src=\"https:\/\/i0.wp.com\/www.fly-different.fr\/WordPress3\/wp-content\/uploads\/2022\/09\/3de70465-70bf-4f39-b7b5-9d8eb23a1a2d.webp?w=525&#038;ssl=1\" alt=\"\" title=\"3de70465-70bf-4f39-b7b5-9d8eb23a1a2d\"><\/a><\/figure><\/div><div class=\"vce-image-gallery-item\"><figure class=\"vce-image-gallery-item-inner-wrapper\"><a href=\"https:\/\/i0.wp.com\/www.fly-different.fr\/WordPress3\/wp-content\/uploads\/2022\/09\/a49baa62-57b3-4588-be24-22a9cd28623f.webp?ssl=1\" data-lightbox=\"lightbox-35330af0\" class=\"vce-image-gallery-item-inner\"><img data-recalc-dims=\"1\" decoding=\"async\" class=\"vce-image-gallery-img\" src=\"https:\/\/i0.wp.com\/www.fly-different.fr\/WordPress3\/wp-content\/uploads\/2022\/09\/a49baa62-57b3-4588-be24-22a9cd28623f.webp?w=525&#038;ssl=1\" alt=\"\" title=\"a49baa62-57b3-4588-be24-22a9cd28623f\"><\/a><\/figure><\/div><div class=\"vce-image-gallery-item\"><figure class=\"vce-image-gallery-item-inner-wrapper\"><a href=\"https:\/\/i0.wp.com\/www.fly-different.fr\/WordPress3\/wp-content\/uploads\/2022\/09\/af503ff4-270a-40d8-86a2-1cc4e00cd0e9.webp?ssl=1\" data-lightbox=\"lightbox-35330af0\" class=\"vce-image-gallery-item-inner\"><img data-recalc-dims=\"1\" decoding=\"async\" class=\"vce-image-gallery-img\" src=\"https:\/\/i0.wp.com\/www.fly-different.fr\/WordPress3\/wp-content\/uploads\/2022\/09\/af503ff4-270a-40d8-86a2-1cc4e00cd0e9.webp?w=525&#038;ssl=1\" alt=\"\" title=\"af503ff4-270a-40d8-86a2-1cc4e00cd0e9\"><\/a><\/figure><\/div><div class=\"vce-image-gallery-item\"><figure class=\"vce-image-gallery-item-inner-wrapper\"><a href=\"https:\/\/i0.wp.com\/www.fly-different.fr\/WordPress3\/wp-content\/uploads\/2022\/09\/757fadf7-4e15-409b-8461-7a893db3c186.webp?ssl=1\" data-lightbox=\"lightbox-35330af0\" class=\"vce-image-gallery-item-inner\"><img data-recalc-dims=\"1\" decoding=\"async\" class=\"vce-image-gallery-img\" src=\"https:\/\/i0.wp.com\/www.fly-different.fr\/WordPress3\/wp-content\/uploads\/2022\/09\/757fadf7-4e15-409b-8461-7a893db3c186.webp?w=525&#038;ssl=1\" alt=\"\" title=\"757fadf7-4e15-409b-8461-7a893db3c186\"><\/a><\/figure><\/div><div class=\"vce-image-gallery-item\"><figure class=\"vce-image-gallery-item-inner-wrapper\"><a href=\"https:\/\/i0.wp.com\/www.fly-different.fr\/WordPress3\/wp-content\/uploads\/2022\/09\/c08d39e7-4f6d-4f6b-b3c5-35316e7be852.webp?ssl=1\" data-lightbox=\"lightbox-35330af0\" class=\"vce-image-gallery-item-inner\"><img data-recalc-dims=\"1\" decoding=\"async\" class=\"vce-image-gallery-img\" src=\"https:\/\/i0.wp.com\/www.fly-different.fr\/WordPress3\/wp-content\/uploads\/2022\/09\/c08d39e7-4f6d-4f6b-b3c5-35316e7be852.webp?w=525&#038;ssl=1\" alt=\"\" title=\"c08d39e7-4f6d-4f6b-b3c5-35316e7be852\"><\/a><\/figure><\/div><div class=\"vce-image-gallery-item\"><figure class=\"vce-image-gallery-item-inner-wrapper\"><a href=\"https:\/\/i0.wp.com\/www.fly-different.fr\/WordPress3\/wp-content\/uploads\/2022\/09\/95424bc2-d28f-4026-b4fa-428044199bf9.webp?ssl=1\" data-lightbox=\"lightbox-35330af0\" class=\"vce-image-gallery-item-inner\"><img data-recalc-dims=\"1\" decoding=\"async\" class=\"vce-image-gallery-img\" src=\"https:\/\/i0.wp.com\/www.fly-different.fr\/WordPress3\/wp-content\/uploads\/2022\/09\/95424bc2-d28f-4026-b4fa-428044199bf9.webp?w=525&#038;ssl=1\" alt=\"\" title=\"95424bc2-d28f-4026-b4fa-428044199bf9\"><\/a><\/figure><\/div><div class=\"vce-image-gallery-item\"><figure class=\"vce-image-gallery-item-inner-wrapper\"><a href=\"https:\/\/i0.wp.com\/www.fly-different.fr\/WordPress3\/wp-content\/uploads\/2022\/09\/d717f4c7-0ad7-456f-b9d6-15f980d50bae.webp?ssl=1\" data-lightbox=\"lightbox-35330af0\" class=\"vce-image-gallery-item-inner\"><img data-recalc-dims=\"1\" decoding=\"async\" class=\"vce-image-gallery-img\" src=\"https:\/\/i0.wp.com\/www.fly-different.fr\/WordPress3\/wp-content\/uploads\/2022\/09\/d717f4c7-0ad7-456f-b9d6-15f980d50bae.webp?w=525&#038;ssl=1\" alt=\"\" title=\"d717f4c7-0ad7-456f-b9d6-15f980d50bae\"><\/a><\/figure><\/div><div class=\"vce-image-gallery-item\"><figure class=\"vce-image-gallery-item-inner-wrapper\"><a href=\"https:\/\/i0.wp.com\/www.fly-different.fr\/WordPress3\/wp-content\/uploads\/2022\/09\/8a76b6bf-112a-4843-859a-fcb97e877cd0.webp?ssl=1\" data-lightbox=\"lightbox-35330af0\" class=\"vce-image-gallery-item-inner\"><img data-recalc-dims=\"1\" decoding=\"async\" class=\"vce-image-gallery-img\" src=\"https:\/\/i0.wp.com\/www.fly-different.fr\/WordPress3\/wp-content\/uploads\/2022\/09\/8a76b6bf-112a-4843-859a-fcb97e877cd0.webp?w=525&#038;ssl=1\" alt=\"\" title=\"8a76b6bf-112a-4843-859a-fcb97e877cd0\"><\/a><\/figure><\/div><\/div><\/div><\/div><\/div><\/div><\/div><\/div><\/div><\/div>\n","protected":false},"excerpt":{"rendered":"<p>Chez Max &amp; Nana&nbsp; 4 personnes&nbsp; &nbsp;55m2&nbsp; &nbsp;Jardin privatifSitu\u00e9 \u00e0 Marlens, au carrefour des Aravis et des Bauges,&nbsp; les Alpes du Nord s&#8217;offrent \u00e0 vous. &nbsp; Que vous soyez parapentistes, randonneurs, skieurs ou appr\u00e9ciiez simplement nos belles montagnes, vous serez ici id\u00e9alement plac\u00e9s pour d\u00e9couvrir le secteur. &nbsp; Nous serons ravis de vous accueillir pour &hellip; <\/p>\n<p class=\"link-more\"><a href=\"https:\/\/www.fly-different.fr\/WordPress3\/hebergement\/\" class=\"more-link\">Continuer la lecture<span class=\"screen-reader-text\"> de &laquo;&nbsp;H\u00e9bergement&nbsp;&raquo;<\/span><\/a><\/p>\n","protected":false},"author":1,"featured_media":0,"parent":0,"menu_order":0,"comment_status":"closed","ping_status":"closed","template":"","meta":{"jetpack_post_was_ever_published":false,"_glsr_average":0,"_glsr_ranking":0,"_glsr_reviews":0,"footnotes":""},"class_list":["post-59933","page","type-page","status-publish","hentry"],"yoast_head":"<!-- This site is optimized with the Yoast SEO plugin v26.8 - https:\/\/yoast.com\/product\/yoast-seo-wordpress\/ -->\n<title>H\u00e9bergement - Fly Different<\/title>\n<meta name=\"robots\" content=\"index, follow, max-snippet:-1, max-image-preview:large, max-video-preview:-1\" \/>\n<link rel=\"canonical\" href=\"https:\/\/www.fly-different.fr\/WordPress3\/hebergement\/\" \/>\n<meta property=\"og:locale\" content=\"fr_FR\" \/>\n<meta property=\"og:type\" content=\"article\" \/>\n<meta property=\"og:title\" content=\"H\u00e9bergement - Fly Different\" \/>\n<meta property=\"og:description\" content=\"Chez Max &amp; Nana&nbsp; 4 personnes&nbsp; &nbsp;55m2&nbsp; &nbsp;Jardin privatifSitu\u00e9 \u00e0 Marlens, au carrefour des Aravis et des Bauges,&nbsp; les Alpes du Nord s&#039;offrent \u00e0 vous. &nbsp; Que vous soyez parapentistes, randonneurs, skieurs ou appr\u00e9ciiez simplement nos belles montagnes, vous serez ici id\u00e9alement plac\u00e9s pour d\u00e9couvrir le secteur. &nbsp; Nous serons ravis de vous accueillir pour &hellip; Continuer la lecture de &laquo;&nbsp;H\u00e9bergement&nbsp;&raquo;\" \/>\n<meta property=\"og:url\" content=\"https:\/\/www.fly-different.fr\/WordPress3\/hebergement\/\" \/>\n<meta property=\"og:site_name\" content=\"Fly Different\" \/>\n<meta property=\"article:modified_time\" content=\"2023-05-10T11:04:20+00:00\" \/>\n<meta name=\"twitter:card\" content=\"summary_large_image\" \/>\n<meta name=\"twitter:label1\" content=\"Dur\u00e9e de lecture estim\u00e9e\" \/>\n\t<meta name=\"twitter:data1\" content=\"1 minute\" \/>\n<script type=\"application\/ld+json\" class=\"yoast-schema-graph\">{\"@context\":\"https:\/\/schema.org\",\"@graph\":[{\"@type\":\"WebPage\",\"@id\":\"https:\/\/www.fly-different.fr\/WordPress3\/hebergement\/\",\"url\":\"https:\/\/www.fly-different.fr\/WordPress3\/hebergement\/\",\"name\":\"H\u00e9bergement - Fly Different\",\"isPartOf\":{\"@id\":\"https:\/\/www.fly-different.fr\/WordPress3\/#website\"},\"datePublished\":\"2022-01-12T17:46:37+00:00\",\"dateModified\":\"2023-05-10T11:04:20+00:00\",\"breadcrumb\":{\"@id\":\"https:\/\/www.fly-different.fr\/WordPress3\/hebergement\/#breadcrumb\"},\"inLanguage\":\"fr-FR\",\"potentialAction\":[{\"@type\":\"ReadAction\",\"target\":[\"https:\/\/www.fly-different.fr\/WordPress3\/hebergement\/\"]}]},{\"@type\":\"BreadcrumbList\",\"@id\":\"https:\/\/www.fly-different.fr\/WordPress3\/hebergement\/#breadcrumb\",\"itemListElement\":[{\"@type\":\"ListItem\",\"position\":1,\"name\":\"Accueil\",\"item\":\"https:\/\/www.fly-different.fr\/WordPress3\/\"},{\"@type\":\"ListItem\",\"position\":2,\"name\":\"H\u00e9bergement\"}]},{\"@type\":\"WebSite\",\"@id\":\"https:\/\/www.fly-different.fr\/WordPress3\/#website\",\"url\":\"https:\/\/www.fly-different.fr\/WordPress3\/\",\"name\":\"Fly Different\",\"description\":\"Faites d\u00e9coller vos envies ...\",\"potentialAction\":[{\"@type\":\"SearchAction\",\"target\":{\"@type\":\"EntryPoint\",\"urlTemplate\":\"https:\/\/www.fly-different.fr\/WordPress3\/?s={search_term_string}\"},\"query-input\":{\"@type\":\"PropertyValueSpecification\",\"valueRequired\":true,\"valueName\":\"search_term_string\"}}],\"inLanguage\":\"fr-FR\"}]}<\/script>\n<!-- \/ Yoast SEO plugin. -->","yoast_head_json":{"title":"H\u00e9bergement - Fly Different","robots":{"index":"index","follow":"follow","max-snippet":"max-snippet:-1","max-image-preview":"max-image-preview:large","max-video-preview":"max-video-preview:-1"},"canonical":"https:\/\/www.fly-different.fr\/WordPress3\/hebergement\/","og_locale":"fr_FR","og_type":"article","og_title":"H\u00e9bergement - Fly Different","og_description":"Chez Max &amp; Nana&nbsp; 4 personnes&nbsp; &nbsp;55m2&nbsp; &nbsp;Jardin privatifSitu\u00e9 \u00e0 Marlens, au carrefour des Aravis et des Bauges,&nbsp; les Alpes du Nord s'offrent \u00e0 vous. &nbsp; Que vous soyez parapentistes, randonneurs, skieurs ou appr\u00e9ciiez simplement nos belles montagnes, vous serez ici id\u00e9alement plac\u00e9s pour d\u00e9couvrir le secteur. &nbsp; Nous serons ravis de vous accueillir pour &hellip; Continuer la lecture de &laquo;&nbsp;H\u00e9bergement&nbsp;&raquo;","og_url":"https:\/\/www.fly-different.fr\/WordPress3\/hebergement\/","og_site_name":"Fly Different","article_modified_time":"2023-05-10T11:04:20+00:00","twitter_card":"summary_large_image","twitter_misc":{"Dur\u00e9e de lecture estim\u00e9e":"1 minute"},"schema":{"@context":"https:\/\/schema.org","@graph":[{"@type":"WebPage","@id":"https:\/\/www.fly-different.fr\/WordPress3\/hebergement\/","url":"https:\/\/www.fly-different.fr\/WordPress3\/hebergement\/","name":"H\u00e9bergement - Fly Different","isPartOf":{"@id":"https:\/\/www.fly-different.fr\/WordPress3\/#website"},"datePublished":"2022-01-12T17:46:37+00:00","dateModified":"2023-05-10T11:04:20+00:00","breadcrumb":{"@id":"https:\/\/www.fly-different.fr\/WordPress3\/hebergement\/#breadcrumb"},"inLanguage":"fr-FR","potentialAction":[{"@type":"ReadAction","target":["https:\/\/www.fly-different.fr\/WordPress3\/hebergement\/"]}]},{"@type":"BreadcrumbList","@id":"https:\/\/www.fly-different.fr\/WordPress3\/hebergement\/#breadcrumb","itemListElement":[{"@type":"ListItem","position":1,"name":"Accueil","item":"https:\/\/www.fly-different.fr\/WordPress3\/"},{"@type":"ListItem","position":2,"name":"H\u00e9bergement"}]},{"@type":"WebSite","@id":"https:\/\/www.fly-different.fr\/WordPress3\/#website","url":"https:\/\/www.fly-different.fr\/WordPress3\/","name":"Fly Different","description":"Faites d\u00e9coller vos envies ...","potentialAction":[{"@type":"SearchAction","target":{"@type":"EntryPoint","urlTemplate":"https:\/\/www.fly-different.fr\/WordPress3\/?s={search_term_string}"},"query-input":{"@type":"PropertyValueSpecification","valueRequired":true,"valueName":"search_term_string"}}],"inLanguage":"fr-FR"}]}},"jetpack_shortlink":"https:\/\/wp.me\/P4FzCy-fAF","jetpack_sharing_enabled":false,"_links":{"self":[{"href":"https:\/\/www.fly-different.fr\/WordPress3\/wp-json\/wp\/v2\/pages\/59933","targetHints":{"allow":["GET"]}}],"collection":[{"href":"https:\/\/www.fly-different.fr\/WordPress3\/wp-json\/wp\/v2\/pages"}],"about":[{"href":"https:\/\/www.fly-different.fr\/WordPress3\/wp-json\/wp\/v2\/types\/page"}],"author":[{"embeddable":true,"href":"https:\/\/www.fly-different.fr\/WordPress3\/wp-json\/wp\/v2\/users\/1"}],"replies":[{"embeddable":true,"href":"https:\/\/www.fly-different.fr\/WordPress3\/wp-json\/wp\/v2\/comments?post=59933"}],"version-history":[{"count":0,"href":"https:\/\/www.fly-different.fr\/WordPress3\/wp-json\/wp\/v2\/pages\/59933\/revisions"}],"wp:attachment":[{"href":"https:\/\/www.fly-different.fr\/WordPress3\/wp-json\/wp\/v2\/media?parent=59933"}],"curies":[{"name":"wp","href":"https:\/\/api.w.org\/{rel}","templated":true}]}}