{"id":61616,"date":"2023-04-17T09:56:27","date_gmt":"2023-04-17T07:56:27","guid":{"rendered":"https:\/\/www.fly-different.fr\/WordPress3\/?page_id=61616"},"modified":"2023-04-17T09:56:27","modified_gmt":"2023-04-17T07:56:27","slug":"avis-2","status":"publish","type":"page","link":"https:\/\/www.fly-different.fr\/WordPress3\/avis-2\/","title":{"rendered":"Avis"},"content":{"rendered":"<p><div class=\"glsr glsr-default\" id=\"glsr_237fad8d\" data-from=\"shortcode\" data-shortcode=\"site_reviews\"><div class=\"glsr-reviews-wrap\">\n    <div class=\"glsr-reviews\">\n        <div class=\"glsr-review\" data-type=\"local\" id=\"review-61907\" data-assigned='[]'>\n    <div class=\"glsr-review-title\"><h4 class=\"glsr-tag-value\">Ca donne envie de revenir pour d\u00e9couvrir de nouvelles choses !<\/h4><\/div>\n    <div class=\"glsr-review-rating\"><div class=\"glsr-star-rating glsr-stars\" role=\"img\" aria-label=\"Rated 5 out of 5 stars\" data-rating=\"5\" data-reviews=\"0\"><span class=\"glsr-star glsr-star-full\" aria-hidden=\"true\"><\/span><span class=\"glsr-star glsr-star-full\" aria-hidden=\"true\"><\/span><span class=\"glsr-star glsr-star-full\" aria-hidden=\"true\"><\/span><span class=\"glsr-star glsr-star-full\" aria-hidden=\"true\"><\/span><span class=\"glsr-star glsr-star-full\" aria-hidden=\"true\"><\/span><\/div><\/div> <div class=\"glsr-review-date\"><span class=\"glsr-tag-value\">12 septembre 2025<\/span><\/div>\n    \n    <div class=\"glsr-review-content\"><div class=\"glsr-tag-value\" data-expanded=\"false\"><p>Une \u00e9quipe encadrante au top, qui te fait aller bien plus loin que ce que tu sais faire, et ce, en toute s\u00e9curit\u00e9. Un grand merci \u00e0 Max sans oublier Elise, et Mathias.<\/p>\n<p class=\"glsr-hidden-text\" data-show-less=\"Afficher moins\" data-show-more=\"Afficher plus\" data-trigger=\"expand\">Programmes adapt\u00e9s en fonction de chacun (m\u00eame pour les pious-pious dont je fais partie qui ont commenc\u00e9 il y a peu c<span class=\"glsr-hidden\">&#8217;est hyper int\u00e9ressant et plus qu&#8217;utile), par rapport au niveau et des envies d&#8217;engagement.<\/span><\/p>\n<p class=\"glsr-hidden\">N&#8217;h\u00e9sitez pas \u00e0 passez chez eux pour avoir une pratique plus sereine apr\u00e8s.<\/p><\/div><\/div>\n     <div class=\"glsr-review-author\"><span class=\"glsr-tag-value\">Goulesque<\/span><\/div> \n    \n<\/div>\n<div class=\"glsr-review\" data-type=\"local\" id=\"review-61890\" data-assigned='[]'>\n    <div class=\"glsr-review-title\"><h4 class=\"glsr-tag-value\">Utile et profitable<\/h4><\/div>\n    <div class=\"glsr-review-rating\"><div class=\"glsr-star-rating glsr-stars\" role=\"img\" aria-label=\"Rated 5 out of 5 stars\" data-rating=\"5\" data-reviews=\"0\"><span class=\"glsr-star glsr-star-full\" aria-hidden=\"true\"><\/span><span class=\"glsr-star glsr-star-full\" aria-hidden=\"true\"><\/span><span class=\"glsr-star glsr-star-full\" aria-hidden=\"true\"><\/span><span class=\"glsr-star glsr-star-full\" aria-hidden=\"true\"><\/span><span class=\"glsr-star glsr-star-full\" aria-hidden=\"true\"><\/span><\/div><\/div> <div class=\"glsr-review-date\"><span class=\"glsr-tag-value\">23 juin 2025<\/span><\/div>\n    \n    <div class=\"glsr-review-content\"><div class=\"glsr-tag-value\" data-expanded=\"false\"><p class=\"glsr-hidden-text\" data-show-less=\"Afficher moins\" data-show-more=\"Afficher plus\" data-trigger=\"expand\">Un stage conduit avec un professionnalisme adapt\u00e9 aux besoins de chacun et encadr\u00e9 par une \u00e9quipe g\u00e9niale. Merci \u00e0 Maxime pour sa p\u00e9dagogie diff\u00e9renci\u00e9e et sa solide technicit\u00e9, \u00e0 L\u00e9o pour la mise en confiance et sa bienveillance, \u00e0 Mathis pour la mise en image et son assistance. Une formation utile et essentielle men\u00e9e en<span class=\"glsr-hidden\"> toute convivialit\u00e9.<\/span><\/p><\/div><\/div>\n     <div class=\"glsr-review-author\"><span class=\"glsr-tag-value\">Jean-Philippe<\/span><\/div> \n    \n<\/div>\n<div class=\"glsr-review\" data-type=\"local\" id=\"review-61889\" data-assigned='[]'>\n    <div class=\"glsr-review-title\"><h4 class=\"glsr-tag-value\">Au top !<\/h4><\/div>\n    <div class=\"glsr-review-rating\"><div class=\"glsr-star-rating glsr-stars\" role=\"img\" aria-label=\"Rated 5 out of 5 stars\" data-rating=\"5\" data-reviews=\"0\"><span class=\"glsr-star glsr-star-full\" aria-hidden=\"true\"><\/span><span class=\"glsr-star glsr-star-full\" aria-hidden=\"true\"><\/span><span class=\"glsr-star glsr-star-full\" aria-hidden=\"true\"><\/span><span class=\"glsr-star glsr-star-full\" aria-hidden=\"true\"><\/span><span class=\"glsr-star glsr-star-full\" aria-hidden=\"true\"><\/span><\/div><\/div> <div class=\"glsr-review-date\"><span class=\"glsr-tag-value\">21 juin 2025<\/span><\/div>\n    \n    <div class=\"glsr-review-content\"><div class=\"glsr-tag-value\" data-expanded=\"false\"><p class=\"glsr-hidden-text\" data-show-less=\"Afficher moins\" data-show-more=\"Afficher plus\" data-trigger=\"expand\">Un super stage riche d&#8217;apprentissage et de sensations gr\u00e2ce \u00e0 une \u00e9quipe tr\u00e8s tr\u00e8s pro. Maxime qui a su adapt\u00e9 sa peda et les exos a chacun, L\u00e9o pour sa bienveillance au deco et les derniers petits conseils pour bien appliquer les exercices , Mathis a la cam , le tout dans la joie et<span class=\"glsr-hidden\"> bonne humeur et bonne musique !<\/span><\/p>\n<p class=\"glsr-hidden\">Merci a tous !<\/p><\/div><\/div>\n     <div class=\"glsr-review-author\"><span class=\"glsr-tag-value\">Loic<\/span><\/div> \n    \n<\/div>\n<div class=\"glsr-review\" data-type=\"local\" id=\"review-61881\" data-assigned='[]'>\n    <div class=\"glsr-review-title\"><h4 class=\"glsr-tag-value\">Equipe SIV au Top !<\/h4><\/div>\n    <div class=\"glsr-review-rating\"><div class=\"glsr-star-rating glsr-stars\" role=\"img\" aria-label=\"Rated 5 out of 5 stars\" data-rating=\"5\" data-reviews=\"0\"><span class=\"glsr-star glsr-star-full\" aria-hidden=\"true\"><\/span><span class=\"glsr-star glsr-star-full\" aria-hidden=\"true\"><\/span><span class=\"glsr-star glsr-star-full\" aria-hidden=\"true\"><\/span><span class=\"glsr-star glsr-star-full\" aria-hidden=\"true\"><\/span><span class=\"glsr-star glsr-star-full\" aria-hidden=\"true\"><\/span><\/div><\/div> <div class=\"glsr-review-date\"><span class=\"glsr-tag-value\">6 mai 2025<\/span><\/div>\n    \n    <div class=\"glsr-review-content\"><div class=\"glsr-tag-value\" data-expanded=\"false\"><p class=\"glsr-hidden-text\" data-show-less=\"Afficher moins\" data-show-more=\"Afficher plus\" data-trigger=\"expand\">SIV effectu\u00e9 d\u00e9but mai dans le cadre d&#8217;un stage club avec l&#8217;\u00e9quipe sympa de 3D Parapente. 3 jours bien r\u00e9gl\u00e9s et g\u00e9r\u00e9s avec pragmatisme dans un cadre tr\u00e8s s\u00e9curitaire et tr\u00e8s &#8220;Pro&#8221;. Merci \u00e0 Max en particulier pour sa p\u00e9dagogie, son savoir-faire et l&#8217;accompagnement individuel qu<span class=\"glsr-hidden\">&#8217;il propose. Cela fait plaisir d&#8217;avoir un instructeur de ce niveau qui te met &#8220;\u00e0 l&#8217;aise&#8221; et qui t\u2019am\u00e8ne en s\u00e9curit\u00e9 vers la compr\u00e9hension de gestes techniques parfaitement expliqu\u00e9s. Bravo \u00e0 tous et merci encore pour ces gestes appris qui seront peut \u00eatre d\u00e9terminent un jour !!?<\/span><\/p><\/div><\/div>\n     <div class=\"glsr-review-author\"><span class=\"glsr-tag-value\">Bob<\/span><\/div> \n    \n<\/div>\n<div class=\"glsr-review\" data-type=\"local\" id=\"review-61880\" data-assigned='[]'>\n    <div class=\"glsr-review-title\"><h4 class=\"glsr-tag-value\">Excellente p\u00e9dagogie, comp\u00e9tences au top et une \u00e9quipe super sympa.<\/h4><\/div>\n    <div class=\"glsr-review-rating\"><div class=\"glsr-star-rating glsr-stars\" role=\"img\" aria-label=\"Rated 5 out of 5 stars\" data-rating=\"5\" data-reviews=\"0\"><span class=\"glsr-star glsr-star-full\" aria-hidden=\"true\"><\/span><span class=\"glsr-star glsr-star-full\" aria-hidden=\"true\"><\/span><span class=\"glsr-star glsr-star-full\" aria-hidden=\"true\"><\/span><span class=\"glsr-star glsr-star-full\" aria-hidden=\"true\"><\/span><span class=\"glsr-star glsr-star-full\" aria-hidden=\"true\"><\/span><\/div><\/div> <div class=\"glsr-review-date\"><span class=\"glsr-tag-value\">1 mai 2025<\/span><\/div>\n    \n    <div class=\"glsr-review-content\"><div class=\"glsr-tag-value\" data-expanded=\"false\"><p>Trois jours de stage avec un programme adapt\u00e9 a a chacun. Maxime est au top niveau comp\u00e9tences, p\u00e9dagogies, calme et efficacit\u00e9 en guidage. La confiance s&#8217;installe tout de suite. Une \u00e9quipe excellente (guidage, cam\u00e9ra et navette\/starter). Je recommande on ressort de ce stage avec pleins de choses.<\/p><\/div><\/div>\n     <div class=\"glsr-review-author\"><span class=\"glsr-tag-value\">Seb<\/span><\/div> \n    \n<\/div>\n    <\/div>\n    \n<\/div><\/div><br \/>\n<div class=\"glsr glsr-default\" id=\"glsr_1507146b\" data-from=\"shortcode\" data-shortcode=\"site_reviews_form\"><div class=\"glsr-form-wrap\">\n    <form class=\"glsr-review-form glsr-form\" method=\"post\" enctype=\"multipart\/form-data\">\n        <input type=\"hidden\" name=\"site-reviews[_action]\" value=\"submit-review\" \/>\n<input type=\"hidden\" name=\"site-reviews[_nonce]\" value=\"bf1a9185b2\" \/>\n<input type=\"hidden\" name=\"site-reviews[_post_id]\" value=\"61616\" \/>\n<input type=\"hidden\" name=\"site-reviews[_referer]\" value=\"\" \/>\n<input type=\"hidden\" name=\"site-reviews[assigned_posts]\" value=\"\" \/>\n<input type=\"hidden\" name=\"site-reviews[assigned_terms]\" value=\"\" \/>\n<input type=\"hidden\" name=\"site-reviews[assigned_users]\" value=\"\" \/>\n<input type=\"hidden\" name=\"site-reviews[excluded]\" value=\"\" \/>\n<input type=\"hidden\" name=\"site-reviews[form_id]\" value=\"glsr_1507146b\" \/>\n<input type=\"hidden\" name=\"site-reviews[terms_exist]\" value=\"1\" \/>\n<input type=\"hidden\" name=\"site-reviews[form_signature]\" value=\"uIfHkM_GNe4ThBCmfCieiI6LpvpLVWdD3C8YKvW4LWJe3oUmmCucgtR7ZBzRznnsn8_zAoHjRcOcsUlNlmXovraOZNLkUmVKFuMyQZsZLf5bs0PEdfpilr-JCViNUGfKBv8JZEwKXnLncpWFrqkZurmTa1myxbYSgoI1EtUYRb6wsmNmENTg1WKOybxhnHerMTOUZhlJK24bAQq4-hclE7dfZgozv1SnK5SRM8XNYgMt9BediY0HYp1ra0XGkhxtyVWyOrFPja6GtHDcT3JdV5y5tD0oRXZaipcDrRYnV0ARsVK1sXUKkFzK85lz4A82hB7I8vVwHfzvMjXzvjptSNPVRJN1BKIQxCjtml3ZYw3S2052TVqSjkYyfuhG8bdZ7W37-QVw4Uop4l-uLXVbcl88_VCk\" \/>\n<div class=\"glsr-field\" style=\"display:none;\"><label for=\"site-reviews-87a264ad-glsr_1507146b\">Votre avis<\/label><input type=\"text\" class=\"glsr-input glsr-input-text\" id=\"site-reviews-87a264ad-glsr_1507146b\" name=\"site-reviews[87a264ad]\" value=\"\" \/><\/div>\n<div class=\"glsr-field glsr-field-rating glsr-required\" data-field=\"rating\">\n    <label class=\"glsr-label\" for=\"glsr_1507146b-rating\">\n    <span>Votre note globale<\/span>\n<\/label>\n    <select class=\"browser-default disable-select no_wrap no-wrap glsr-select\" id=\"glsr_1507146b-rating\" name=\"site-reviews[rating]\" required><option value=\"\">S\u00e9lectionnez une note<\/option><option value=\"5\">5 \u00e9toiles<\/option><option value=\"4\">4 \u00e9toiles<\/option><option value=\"3\">3 \u00e9toiles<\/option><option value=\"2\">2 \u00e9toiles<\/option><option value=\"1\">1 \u00e9toile<\/option><\/select>\n    <div class=\"glsr-field-error\"><\/div>\n<\/div>\n<div class=\"glsr-field glsr-field-text\" data-field=\"title\">\n    <label class=\"glsr-label\" for=\"glsr_1507146b-title\">\n    <span>Titre de votre avis<\/span>\n<\/label>\n    <input type=\"text\" class=\"glsr-input glsr-input-text\" id=\"glsr_1507146b-title\" name=\"site-reviews[title]\" placeholder=\"R\u00e9sumez votre avis ou mettez en \u00e9vidence un d\u00e9tail int\u00e9ressant\" value=\"\" \/>\n    <div class=\"glsr-field-error\"><\/div>\n<\/div>\n<div class=\"glsr-field glsr-field-textarea glsr-required\" data-field=\"content\">\n    <label class=\"glsr-label\" for=\"glsr_1507146b-content\">\n    <span>Votre avis<\/span>\n<\/label>\n    <textarea class=\"glsr-textarea\" id=\"glsr_1507146b-content\" name=\"site-reviews[content]\" required placeholder=\"Donnez votre avis\" rows=\"5\"><\/textarea>\n    <div class=\"glsr-field-error\"><\/div>\n<\/div>\n<div class=\"glsr-field glsr-field-text glsr-required\" data-field=\"name\">\n    <label class=\"glsr-label\" for=\"glsr_1507146b-name\">\n    <span>Votre nom<\/span>\n<\/label>\n    <input type=\"text\" class=\"glsr-input glsr-input-text\" id=\"glsr_1507146b-name\" name=\"site-reviews[name]\" required placeholder=\"Donnez votre nom\" value=\"\" \/>\n    <div class=\"glsr-field-error\"><\/div>\n<\/div>\n<div class=\"glsr-field glsr-field-email\" data-field=\"email\">\n    <label class=\"glsr-label\" for=\"glsr_1507146b-email\">\n    <span>Votre e-mail<\/span>\n<\/label>\n    <input type=\"email\" class=\"glsr-input glsr-input-email\" id=\"glsr_1507146b-email\" name=\"site-reviews[email]\" placeholder=\"Donnez votre e-mail\" value=\"\" \/>\n    <div class=\"glsr-field-error\"><\/div>\n<\/div>\n<div class=\"glsr-field glsr-field-choice\" data-field=\"terms\">\n    \n    <span class=\"glsr-field-toggle\">\n    <span class=\"glsr-toggle\">\n        <label for=\"glsr_1507146b-terms-1\">Cette note est fond\u00e9e sur ma propre exp\u00e9rience et mon v\u00e9ritable avis.<\/label>\n        <span class=\"glsr-toggle-switch\">\n            <input type=\"checkbox\" class=\"glsr-input-toggle\" id=\"glsr_1507146b-terms-1\" name=\"site-reviews[terms]\" value=\"1\" \/> &#8203; <!-- zero-space character used for alignment -->\n            <span class=\"glsr-toggle-track\"><\/span>\n        <\/span>\n    <\/span>\n<\/span>\n    <div class=\"glsr-field-error\"><\/div>\n<\/div>\n        <div class=\"glsr-form-message\">\n    \n<\/div>\n        <div data-field=\"submit-button\">\n    <div class=\"wp-block-buttons is-layout-flex\">\n        <div class=\"wp-block-button\">\n            <button type=\"submit\" class=\"glsr-button wp-block-button__link wp-element-button\" aria-busy=\"false\" data-loading=\"Submitting, please wait...\">Envoyer un avis<\/button>\n        <\/div>\n    <\/div>\n<\/div>\n    <\/form>\n<\/div><\/div><\/p>\n","protected":false},"excerpt":{"rendered":"","protected":false},"author":1,"featured_media":0,"parent":0,"menu_order":0,"comment_status":"closed","ping_status":"closed","template":"","meta":{"jetpack_post_was_ever_published":false,"_glsr_average":0,"_glsr_ranking":0,"_glsr_reviews":0,"footnotes":""},"class_list":["post-61616","page","type-page","status-publish","hentry"],"yoast_head":"<!-- This site is optimized with the Yoast SEO plugin v26.8 - https:\/\/yoast.com\/product\/yoast-seo-wordpress\/ -->\n<title>Avis - Fly Different<\/title>\n<meta name=\"robots\" content=\"index, follow, max-snippet:-1, max-image-preview:large, max-video-preview:-1\" \/>\n<link rel=\"canonical\" href=\"https:\/\/www.fly-different.fr\/WordPress3\/avis-2\/\" \/>\n<meta property=\"og:locale\" content=\"fr_FR\" \/>\n<meta property=\"og:type\" content=\"article\" \/>\n<meta property=\"og:title\" content=\"Avis - Fly Different\" \/>\n<meta property=\"og:url\" content=\"https:\/\/www.fly-different.fr\/WordPress3\/avis-2\/\" \/>\n<meta property=\"og:site_name\" content=\"Fly Different\" \/>\n<meta name=\"twitter:card\" content=\"summary_large_image\" \/>\n<script type=\"application\/ld+json\" class=\"yoast-schema-graph\">{\"@context\":\"https:\/\/schema.org\",\"@graph\":[{\"@type\":\"WebPage\",\"@id\":\"https:\/\/www.fly-different.fr\/WordPress3\/avis-2\/\",\"url\":\"https:\/\/www.fly-different.fr\/WordPress3\/avis-2\/\",\"name\":\"Avis - Fly Different\",\"isPartOf\":{\"@id\":\"https:\/\/www.fly-different.fr\/WordPress3\/#website\"},\"datePublished\":\"2023-04-17T07:56:27+00:00\",\"breadcrumb\":{\"@id\":\"https:\/\/www.fly-different.fr\/WordPress3\/avis-2\/#breadcrumb\"},\"inLanguage\":\"fr-FR\",\"potentialAction\":[{\"@type\":\"ReadAction\",\"target\":[\"https:\/\/www.fly-different.fr\/WordPress3\/avis-2\/\"]}]},{\"@type\":\"BreadcrumbList\",\"@id\":\"https:\/\/www.fly-different.fr\/WordPress3\/avis-2\/#breadcrumb\",\"itemListElement\":[{\"@type\":\"ListItem\",\"position\":1,\"name\":\"Accueil\",\"item\":\"https:\/\/www.fly-different.fr\/WordPress3\/\"},{\"@type\":\"ListItem\",\"position\":2,\"name\":\"Avis\"}]},{\"@type\":\"WebSite\",\"@id\":\"https:\/\/www.fly-different.fr\/WordPress3\/#website\",\"url\":\"https:\/\/www.fly-different.fr\/WordPress3\/\",\"name\":\"Fly Different\",\"description\":\"Faites d\u00e9coller vos envies ...\",\"potentialAction\":[{\"@type\":\"SearchAction\",\"target\":{\"@type\":\"EntryPoint\",\"urlTemplate\":\"https:\/\/www.fly-different.fr\/WordPress3\/?s={search_term_string}\"},\"query-input\":{\"@type\":\"PropertyValueSpecification\",\"valueRequired\":true,\"valueName\":\"search_term_string\"}}],\"inLanguage\":\"fr-FR\"}]}<\/script>\n<!-- \/ Yoast SEO plugin. -->","yoast_head_json":{"title":"Avis - Fly Different","robots":{"index":"index","follow":"follow","max-snippet":"max-snippet:-1","max-image-preview":"max-image-preview:large","max-video-preview":"max-video-preview:-1"},"canonical":"https:\/\/www.fly-different.fr\/WordPress3\/avis-2\/","og_locale":"fr_FR","og_type":"article","og_title":"Avis - Fly Different","og_url":"https:\/\/www.fly-different.fr\/WordPress3\/avis-2\/","og_site_name":"Fly Different","twitter_card":"summary_large_image","schema":{"@context":"https:\/\/schema.org","@graph":[{"@type":"WebPage","@id":"https:\/\/www.fly-different.fr\/WordPress3\/avis-2\/","url":"https:\/\/www.fly-different.fr\/WordPress3\/avis-2\/","name":"Avis - Fly Different","isPartOf":{"@id":"https:\/\/www.fly-different.fr\/WordPress3\/#website"},"datePublished":"2023-04-17T07:56:27+00:00","breadcrumb":{"@id":"https:\/\/www.fly-different.fr\/WordPress3\/avis-2\/#breadcrumb"},"inLanguage":"fr-FR","potentialAction":[{"@type":"ReadAction","target":["https:\/\/www.fly-different.fr\/WordPress3\/avis-2\/"]}]},{"@type":"BreadcrumbList","@id":"https:\/\/www.fly-different.fr\/WordPress3\/avis-2\/#breadcrumb","itemListElement":[{"@type":"ListItem","position":1,"name":"Accueil","item":"https:\/\/www.fly-different.fr\/WordPress3\/"},{"@type":"ListItem","position":2,"name":"Avis"}]},{"@type":"WebSite","@id":"https:\/\/www.fly-different.fr\/WordPress3\/#website","url":"https:\/\/www.fly-different.fr\/WordPress3\/","name":"Fly Different","description":"Faites d\u00e9coller vos envies ...","potentialAction":[{"@type":"SearchAction","target":{"@type":"EntryPoint","urlTemplate":"https:\/\/www.fly-different.fr\/WordPress3\/?s={search_term_string}"},"query-input":{"@type":"PropertyValueSpecification","valueRequired":true,"valueName":"search_term_string"}}],"inLanguage":"fr-FR"}]}},"jetpack_shortlink":"https:\/\/wp.me\/P4FzCy-g1O","jetpack_sharing_enabled":true,"_links":{"self":[{"href":"https:\/\/www.fly-different.fr\/WordPress3\/wp-json\/wp\/v2\/pages\/61616","targetHints":{"allow":["GET"]}}],"collection":[{"href":"https:\/\/www.fly-different.fr\/WordPress3\/wp-json\/wp\/v2\/pages"}],"about":[{"href":"https:\/\/www.fly-different.fr\/WordPress3\/wp-json\/wp\/v2\/types\/page"}],"author":[{"embeddable":true,"href":"https:\/\/www.fly-different.fr\/WordPress3\/wp-json\/wp\/v2\/users\/1"}],"replies":[{"embeddable":true,"href":"https:\/\/www.fly-different.fr\/WordPress3\/wp-json\/wp\/v2\/comments?post=61616"}],"version-history":[{"count":0,"href":"https:\/\/www.fly-different.fr\/WordPress3\/wp-json\/wp\/v2\/pages\/61616\/revisions"}],"wp:attachment":[{"href":"https:\/\/www.fly-different.fr\/WordPress3\/wp-json\/wp\/v2\/media?parent=61616"}],"curies":[{"name":"wp","href":"https:\/\/api.w.org\/{rel}","templated":true}]}}